{"id":2072,"date":"2024-01-31T11:53:06","date_gmt":"2024-01-31T11:53:06","guid":{"rendered":"https:\/\/www.lasita.ee\/?page_id=2072"},"modified":"2025-12-17T14:23:12","modified_gmt":"2025-12-17T14:23:12","slug":"puit","status":"publish","type":"page","link":"https:\/\/www.lasita.ee\/et\/puit\/","title":{"rendered":"PUIT"},"content":{"rendered":"<p><div class=\"fusion-fullwidth fullwidth-box fusion-builder-row-1 fusion-flex-container has-pattern-background has-mask-background fusion-parallax-none nonhundred-percent-fullwidth non-hundred-percent-height-scrolling\" style=\"--awb-border-radius-top-left:0px;--awb-border-radius-top-right:0px;--awb-border-radius-bottom-right:0px;--awb-border-radius-bottom-left:0px;--awb-background-image:url(&quot;https:\/\/www.lasita.ee\/wp-content\/uploads\/2024\/01\/integra.jpg&quot;);--awb-background-size:cover;\" ><div class=\"fusion-builder-row fusion-row fusion-flex-align-items-flex-start\" style=\"max-width:1248px;margin-left: calc(-4% \/ 2 );margin-right: calc(-4% \/ 2 );\"><div class=\"fusion-layout-column fusion_builder_column fusion-builder-column-0 fusion_builder_column_1_2 1_2 fusion-flex-column\" style=\"--awb-bg-size:cover;--awb-width-large:50%;--awb-margin-top-large:0px;--awb-spacing-right-large:3.84%;--awb-margin-bottom-large:20px;--awb-spacing-left-large:3.84%;--awb-width-medium:50%;--awb-order-medium:0;--awb-spacing-right-medium:3.84%;--awb-spacing-left-medium:3.84%;--awb-width-small:100%;--awb-order-small:0;--awb-spacing-right-small:1.92%;--awb-spacing-left-small:1.92%;\"><div class=\"fusion-column-wrapper fusion-column-has-shadow fusion-flex-justify-content-flex-start fusion-content-layout-column\"><\/div><\/div><div class=\"fusion-layout-column fusion_builder_column fusion-builder-column-1 fusion_builder_column_1_2 1_2 fusion-flex-column\" style=\"--awb-padding-top:150px;--awb-padding-bottom:40px;--awb-bg-size:cover;--awb-width-large:50%;--awb-margin-top-large:0px;--awb-spacing-right-large:3.84%;--awb-margin-bottom-large:20px;--awb-spacing-left-large:3.84%;--awb-width-medium:50%;--awb-order-medium:0;--awb-spacing-right-medium:3.84%;--awb-spacing-left-medium:3.84%;--awb-width-small:100%;--awb-order-small:0;--awb-spacing-right-small:1.92%;--awb-spacing-left-small:1.92%;\"><div class=\"fusion-column-wrapper fusion-column-has-shadow fusion-flex-justify-content-flex-start fusion-content-layout-column\"><div class=\"fusion-text fusion-text-1 fusion-text-no-margin\" style=\"--awb-letter-spacing:4.5px;--awb-margin-bottom:0px;--awb-text-font-family:&quot;Fira Sans&quot;;--awb-text-font-style:normal;--awb-text-font-weight:400;\"><p style=\"text-align: right;\"><span style=\"color: #ffffff;\">LASITA<\/span><\/p>\n<\/div><div class=\"fusion-title title fusion-title-1 fusion-sep-none fusion-title-text fusion-title-size-one\" style=\"--awb-text-color:#ffffff;\"><h1 class=\"title-heading-left fusion-responsive-typography-calculated\" style=\"margin:0;--fontSize:45;line-height:1.1;\"><p style=\"text-align: right;\">PUIT<\/p><\/h1><\/div><div class=\"fusion-text fusion-text-2\" style=\"--awb-font-size:16px;--awb-line-height:1.2;--awb-text-font-family:&quot;Roboto Condensed&quot;;--awb-text-font-style:normal;--awb-text-font-weight:300;\"><p style=\"text-align: right;\"><span style=\"color: #ffffff;\">Lasita akende ja uste standardne v\u00e4rvivalik ja<br \/>\nkasutatav puitmaterjal.<\/span><\/p>\n<\/div><\/div><\/div><\/div><\/div><div class=\"fusion-fullwidth fullwidth-box fusion-builder-row-2 fusion-flex-container has-pattern-background has-mask-background nonhundred-percent-fullwidth non-hundred-percent-height-scrolling fusion-sticky-container\" style=\"--awb-border-radius-top-left:0px;--awb-border-radius-top-right:0px;--awb-border-radius-bottom-right:0px;--awb-border-radius-bottom-left:0px;--awb-padding-bottom:0px;--awb-background-color:var(--awb-color1);\" data-transition-offset=\"0\" data-scroll-offset=\"0\" data-sticky-small-visibility=\"1\" data-sticky-medium-visibility=\"1\" data-sticky-large-visibility=\"1\" ><div class=\"fusion-builder-row fusion-row fusion-flex-align-items-flex-start\" style=\"max-width:1248px;margin-left: calc(-4% \/ 2 );margin-right: calc(-4% \/ 2 );\"><div class=\"fusion-layout-column fusion_builder_column fusion-builder-column-2 fusion_builder_column_1_1 1_1 fusion-flex-column\" style=\"--awb-bg-size:cover;--awb-width-large:100%;--awb-margin-top-large:0px;--awb-spacing-right-large:1.92%;--awb-margin-bottom-large:0px;--awb-spacing-left-large:1.92%;--awb-width-medium:100%;--awb-order-medium:0;--awb-spacing-right-medium:1.92%;--awb-spacing-left-medium:1.92%;--awb-width-small:100%;--awb-order-small:0;--awb-spacing-right-small:1.92%;--awb-spacing-left-small:1.92%;\"><div class=\"fusion-column-wrapper fusion-column-has-shadow fusion-flex-justify-content-flex-start fusion-content-layout-column\"><nav class=\"awb-menu awb-menu_row awb-menu_em-hover mobile-mode-collapse-to-button awb-menu_icons-left awb-menu_dc-yes mobile-trigger-fullwidth-off awb-menu_mobile-toggle awb-menu_indent-left mobile-size-full-absolute loading mega-menu-loading awb-menu_desktop awb-menu_dropdown awb-menu_expand-right awb-menu_transition-fade\" style=\"--awb-line-height:1.2;--awb-justify-content:space-around;--awb-border-color:#000000;--awb-active-color:#999999;--awb-active-border-bottom:1px;--awb-active-border-color:#000000;--awb-main-justify-content:flex-start;--awb-mobile-justify:flex-start;--awb-mobile-caret-left:auto;--awb-mobile-caret-right:0;--awb-fusion-font-family-typography:&quot;Fira Sans&quot;;--awb-fusion-font-style-typography:normal;--awb-fusion-font-weight-typography:400;--awb-fusion-font-family-submenu-typography:inherit;--awb-fusion-font-style-submenu-typography:normal;--awb-fusion-font-weight-submenu-typography:400;--awb-fusion-font-family-mobile-typography:inherit;--awb-fusion-font-style-mobile-typography:normal;--awb-fusion-font-weight-mobile-typography:400;\" aria-label=\"Menu\" data-breakpoint=\"1024\" data-count=\"0\" data-transition-type=\"fade\" data-transition-time=\"300\"><button type=\"button\" class=\"awb-menu__m-toggle awb-menu__m-toggle_no-text\" aria-expanded=\"false\" aria-controls=\"menu-options\"><span class=\"awb-menu__m-toggle-inner\"><span class=\"collapsed-nav-text\"><span class=\"screen-reader-text\">Toggle Navigation<\/span><\/span><span class=\"awb-menu__m-collapse-icon awb-menu__m-collapse-icon_no-text\"><span class=\"awb-menu__m-collapse-icon-open awb-menu__m-collapse-icon-open_no-text fa-bars fas\"><\/span><span class=\"awb-menu__m-collapse-icon-close awb-menu__m-collapse-icon-close_no-text fa-times fas\"><\/span><\/span><\/span><\/button><ul id=\"menu-options-estonian\" class=\"fusion-menu awb-menu__main-ul awb-menu__main-ul_row\"><li  id=\"menu-item-2173\"  class=\"menu-item menu-item-type-post_type menu-item-object-page menu-item-2173 awb-menu__li awb-menu__main-li awb-menu__main-li_regular\"  data-item-id=\"2173\"><span class=\"awb-menu__main-background-default awb-menu__main-background-default_fade\"><\/span><span class=\"awb-menu__main-background-active awb-menu__main-background-active_fade\"><\/span><a  href=\"https:\/\/www.lasita.ee\/et\/puit\/\" class=\"awb-menu__main-a awb-menu__main-a_regular\"><span class=\"menu-text\">PUIT<\/span><\/a><\/li><li  id=\"menu-item-2174\"  class=\"menu-item menu-item-type-post_type menu-item-object-page menu-item-2174 awb-menu__li awb-menu__main-li awb-menu__main-li_regular\"  data-item-id=\"2174\"><span class=\"awb-menu__main-background-default awb-menu__main-background-default_fade\"><\/span><span class=\"awb-menu__main-background-active awb-menu__main-background-active_fade\"><\/span><a  href=\"https:\/\/www.lasita.ee\/et\/alumiinium\/\" class=\"awb-menu__main-a awb-menu__main-a_regular\"><span class=\"menu-text\">ALUMIINIUM<\/span><\/a><\/li><li  id=\"menu-item-2175\"  class=\"menu-item menu-item-type-post_type menu-item-object-page menu-item-2175 awb-menu__li awb-menu__main-li awb-menu__main-li_regular\"  data-item-id=\"2175\"><span class=\"awb-menu__main-background-default awb-menu__main-background-default_fade\"><\/span><span class=\"awb-menu__main-background-active awb-menu__main-background-active_fade\"><\/span><a  href=\"https:\/\/www.lasita.ee\/et\/klaas\/\" class=\"awb-menu__main-a awb-menu__main-a_regular\"><span class=\"menu-text\">KLAAS<\/span><\/a><\/li><li  id=\"menu-item-2176\"  class=\"menu-item menu-item-type-post_type menu-item-object-page menu-item-2176 awb-menu__li awb-menu__main-li awb-menu__main-li_regular\"  data-item-id=\"2176\"><span class=\"awb-menu__main-background-default awb-menu__main-background-default_fade\"><\/span><span class=\"awb-menu__main-background-active awb-menu__main-background-active_fade\"><\/span><a  href=\"https:\/\/www.lasita.ee\/et\/kaepidemed\/\" class=\"awb-menu__main-a awb-menu__main-a_regular\"><span class=\"menu-text\">K\u00c4EPIDEMED<\/span><\/a><\/li><\/ul><\/nav><\/div><\/div><\/div><\/div>\n<div class=\"fusion-fullwidth fullwidth-box fusion-builder-row-3 fusion-flex-container has-pattern-background has-mask-background nonhundred-percent-fullwidth non-hundred-percent-height-scrolling\" style=\"--awb-border-radius-top-left:0px;--awb-border-radius-top-right:0px;--awb-border-radius-bottom-right:0px;--awb-border-radius-bottom-left:0px;--awb-margin-top:20px;\" ><div class=\"fusion-builder-row fusion-row fusion-flex-align-items-center\" style=\"max-width:1248px;margin-left: calc(-4% \/ 2 );margin-right: calc(-4% \/ 2 );\"><div class=\"fusion-layout-column fusion_builder_column fusion-builder-column-3 fusion_builder_column_1_2 1_2 fusion-flex-column\" style=\"--awb-padding-top:2%;--awb-padding-right:5%;--awb-padding-bottom:2%;--awb-padding-left:5%;--awb-bg-size:cover;--awb-border-color:#000000;--awb-border-left:1px;--awb-border-style:solid;--awb-width-large:50%;--awb-margin-top-large:0px;--awb-spacing-right-large:3.84%;--awb-margin-bottom-large:20px;--awb-spacing-left-large:3.84%;--awb-width-medium:50%;--awb-order-medium:0;--awb-spacing-right-medium:3.84%;--awb-spacing-left-medium:3.84%;--awb-width-small:100%;--awb-order-small:0;--awb-spacing-right-small:1.92%;--awb-spacing-left-small:1.92%;\"><div class=\"fusion-column-wrapper fusion-column-has-shadow fusion-flex-justify-content-flex-start fusion-content-layout-column\"><div class=\"fusion-title title fusion-title-2 fusion-sep-none fusion-title-text fusion-title-size-one\"><h1 class=\"title-heading-left fusion-responsive-typography-calculated\" style=\"margin:0;--fontSize:45;line-height:1.1;\"><p style=\"text-align: left;\">PUIT<\/p><\/h1><\/div><\/div><\/div><\/div><\/div><div class=\"fusion-fullwidth fullwidth-box fusion-builder-row-4 fusion-flex-container has-pattern-background has-mask-background nonhundred-percent-fullwidth non-hundred-percent-height-scrolling\" style=\"--awb-border-radius-top-left:0px;--awb-border-radius-top-right:0px;--awb-border-radius-bottom-right:0px;--awb-border-radius-bottom-left:0px;--awb-margin-top:20px;\" ><div class=\"fusion-builder-row fusion-row fusion-flex-align-items-center\" style=\"max-width:1248px;margin-left: calc(-4% \/ 2 );margin-right: calc(-4% \/ 2 );\"><div class=\"fusion-layout-column fusion_builder_column fusion-builder-column-4 fusion_builder_column_1_1 1_1 fusion-flex-column\" style=\"--awb-bg-size:cover;--awb-border-color:#000000;--awb-border-right:1px;--awb-border-style:solid;--awb-width-large:100%;--awb-margin-top-large:0px;--awb-spacing-right-large:1.92%;--awb-margin-bottom-large:20px;--awb-spacing-left-large:1.92%;--awb-width-medium:100%;--awb-order-medium:0;--awb-spacing-right-medium:1.92%;--awb-spacing-left-medium:1.92%;--awb-width-small:100%;--awb-order-small:0;--awb-spacing-right-small:1.92%;--awb-spacing-left-small:1.92%;\"><div class=\"fusion-column-wrapper fusion-column-has-shadow fusion-flex-justify-content-flex-start fusion-content-layout-column\"><div class=\"fusion-image-element \" style=\"--awb-caption-title-size:var(--h2_typography-font-size);--awb-caption-title-transform:var(--h2_typography-text-transform);--awb-caption-title-line-height:var(--h2_typography-line-height);--awb-caption-title-letter-spacing:var(--h2_typography-letter-spacing);\"><span class=\" fusion-imageframe imageframe-none imageframe-1 hover-type-none\"><img decoding=\"async\" width=\"2000\" height=\"790\" alt=\"WOOD colors\" src=\"https:\/\/www.lasita.ee\/wp-content\/uploads\/2024\/04\/wood-nimedega-v2.jpg\" class=\"img-responsive wp-image-1990\" srcset=\"https:\/\/www.lasita.ee\/wp-content\/uploads\/2024\/04\/wood-nimedega-v2-200x79.jpg 200w, https:\/\/www.lasita.ee\/wp-content\/uploads\/2024\/04\/wood-nimedega-v2-400x158.jpg 400w, https:\/\/www.lasita.ee\/wp-content\/uploads\/2024\/04\/wood-nimedega-v2-600x237.jpg 600w, https:\/\/www.lasita.ee\/wp-content\/uploads\/2024\/04\/wood-nimedega-v2-800x316.jpg 800w, https:\/\/www.lasita.ee\/wp-content\/uploads\/2024\/04\/wood-nimedega-v2-1200x474.jpg 1200w, https:\/\/www.lasita.ee\/wp-content\/uploads\/2024\/04\/wood-nimedega-v2.jpg 2000w\" sizes=\"(max-width: 640px) 100vw, 1200px\" \/><\/span><\/div><\/div><\/div><\/div><\/div><div class=\"fusion-fullwidth fullwidth-box fusion-builder-row-5 fusion-flex-container has-pattern-background has-mask-background nonhundred-percent-fullwidth non-hundred-percent-height-scrolling\" style=\"--awb-border-radius-top-left:0px;--awb-border-radius-top-right:0px;--awb-border-radius-bottom-right:0px;--awb-border-radius-bottom-left:0px;--awb-margin-top:20px;\" ><div class=\"fusion-builder-row fusion-row fusion-flex-align-items-center\" style=\"max-width:1248px;margin-left: calc(-4% \/ 2 );margin-right: calc(-4% \/ 2 );\"><div class=\"fusion-layout-column fusion_builder_column fusion-builder-column-5 fusion_builder_column_3_4 3_4 fusion-flex-column\" style=\"--awb-padding-top:2%;--awb-padding-right:5%;--awb-padding-bottom:2%;--awb-padding-left:5%;--awb-bg-size:cover;--awb-border-color:#000000;--awb-border-right:1px;--awb-border-style:solid;--awb-width-large:75%;--awb-margin-top-large:0px;--awb-spacing-right-large:2.56%;--awb-margin-bottom-large:20px;--awb-spacing-left-large:2.56%;--awb-width-medium:75%;--awb-order-medium:0;--awb-spacing-right-medium:2.56%;--awb-spacing-left-medium:2.56%;--awb-width-small:100%;--awb-order-small:0;--awb-spacing-right-small:1.92%;--awb-spacing-left-small:1.92%;\"><div class=\"fusion-column-wrapper fusion-column-has-shadow fusion-flex-justify-content-flex-start fusion-content-layout-column\"><div class=\"fusion-text fusion-text-3\"><p style=\"text-align: right;\">Kogu kasutatav puit on ostetud usaldusv\u00e4\u00e4rsetelt partneritelt, kelle toodetel on vastavussertifikaadid ja vajalikud dokumendid, kus FSC on minimaalne n\u00f5ue. Puit l\u00e4bib mitmeid kvaliteedikontrolle ning k\u00f5ik mittevastavad materjalid eemaldatakse tootmisest.<\/p>\n<p style=\"text-align: right;\">Stabiilsuse suurendamiseks liimitakse puittooted kokku kolmest v\u00f5i neljast lamellist, mis on p\u00f5him\u00f5tteliselt igast k\u00fcljest veatud. Tooraine l\u00e4bib kahekordse kvaliteedikontrolli: esmane kontroll toormaterjalide vastuv\u00f5tul ja sekundaarne kontroll enne tootmist, materjalide valiku k\u00e4igus. Materjal valitakse niiskusesisalduse, painduvuse ja puiduvigade j\u00e4rgi ning v\u00f5imalusel kasutatakse koos materjalide struktuuri ja v\u00e4rvitoonide poolest sarnaseid tooteid. Tavapraktikana kasutatakse l\u00e4bipaistvate toonide puhul s\u00f5rmliimitud materjali, mille lamellide pikkus on 500 mm v\u00f5i rohkem. Opaaksete v\u00e4rvide puhul v\u00f5ivad liitekohad olla l\u00fchemad.<\/p>\n<\/div><\/div><\/div><\/div><\/div><div class=\"fusion-fullwidth fullwidth-box fusion-builder-row-6 fusion-flex-container has-pattern-background has-mask-background nonhundred-percent-fullwidth non-hundred-percent-height-scrolling\" style=\"--awb-border-radius-top-left:0px;--awb-border-radius-top-right:0px;--awb-border-radius-bottom-right:0px;--awb-border-radius-bottom-left:0px;--awb-padding-top:60px;--awb-padding-bottom:60px;--awb-margin-bottom:0px;--awb-background-color:#ededed;\" ><div class=\"fusion-builder-row fusion-row fusion-flex-align-items-flex-start\" style=\"max-width:1248px;margin-left: calc(-4% \/ 2 );margin-right: calc(-4% \/ 2 );\"><div class=\"fusion-layout-column fusion_builder_column fusion-builder-column-6 fusion_builder_column_4_5 4_5 fusion-flex-column\" style=\"--awb-padding-top:1%;--awb-padding-right:5%;--awb-padding-bottom:1%;--awb-padding-left:5%;--awb-bg-size:cover;--awb-border-color:#000000;--awb-border-right:1px;--awb-border-style:solid;--awb-width-large:80%;--awb-margin-top-large:0px;--awb-spacing-right-large:2.4%;--awb-margin-bottom-large:0px;--awb-spacing-left-large:2.4%;--awb-width-medium:80%;--awb-order-medium:0;--awb-spacing-right-medium:2.4%;--awb-spacing-left-medium:2.4%;--awb-width-small:100%;--awb-order-small:0;--awb-spacing-right-small:1.92%;--awb-spacing-left-small:1.92%;\"><div class=\"fusion-column-wrapper fusion-column-has-shadow fusion-flex-justify-content-flex-start fusion-content-layout-column\"><div class=\"fusion-title title fusion-title-3 fusion-sep-none fusion-title-text fusion-title-size-two\"><h2 class=\"title-heading-left fusion-responsive-typography-calculated\" style=\"margin:0;--fontSize:28;line-height:1.1;\"><p style=\"text-align: right;\">V\u00d5TKE \u00dcHENDUST<\/p><\/h2><\/div><div class=\"fusion-text fusion-text-4\" style=\"--awb-font-size:16px;--awb-line-height:1.2;--awb-text-font-family:&quot;Roboto Condensed&quot;;--awb-text-font-style:normal;--awb-text-font-weight:300;\"><p style=\"text-align: right;\">Teil on tekkinud k\u00fcsimusi v\u00f5i vajate abi? V\u00f5tke meiega \u00fchendust kontaktvormi kaudu. Teeme k\u00f5ik selleks, et pakkuda teile vajalikku tuge. Teie p\u00e4ringud on meile t\u00e4htsad ning oleme alati valmis aitama, et tagada teile sujuv ja meeldiv kliendikogemus. Loodame peagi teist kuulda!<\/p>\n<\/div><div style=\"text-align:right;\"><a class=\"fusion-button button-flat button-medium button-custom fusion-button-default button-1 fusion-button-default-span fusion-button-default-type\" style=\"--button_accent_color:var(--awb-color1);--button_accent_hover_color:#ffffff;--button_border_hover_color:#ffffff;--button_gradient_top_color:#000000;--button_gradient_bottom_color:#000000;--button_gradient_top_color_hover:#000000;--button_gradient_bottom_color_hover:#000000;--button_typography-font-family:&quot;Roboto Condensed&quot;;--button_typography-font-style:normal;--button_typography-font-weight:700;\" target=\"_self\" href=\"https:\/\/www.lasita.ee\/et\/kontakt\/\"><span class=\"fusion-button-text\">V\u00d5TKE \u00dcHENDUST V\u00d5I SAATKE P\u00c4RING<\/span><\/a><\/div><\/div><\/div><\/div><\/div>\n<\/p>\n","protected":false},"excerpt":{"rendered":"","protected":false},"author":2,"featured_media":0,"parent":0,"menu_order":0,"comment_status":"closed","ping_status":"closed","template":"100-width.php","meta":{"inline_featured_image":false,"footnotes":""},"class_list":["post-2072","page","type-page","status-publish","hentry"],"yoast_head":"<!-- This site is optimized with the Yoast SEO plugin v25.2 - https:\/\/yoast.com\/wordpress\/plugins\/seo\/ -->\n<title>PUIT - LASITA<\/title>\n<meta name=\"description\" content=\"Lasita akende ja uste standardne v\u00e4rvivalik ja kasutatav puitmaterjal.\" \/>\n<meta name=\"robots\" content=\"index, follow, max-snippet:-1, max-image-preview:large, max-video-preview:-1\" \/>\n<link rel=\"canonical\" href=\"https:\/\/www.lasita.ee\/et\/puit\/\" \/>\n<meta property=\"og:locale\" content=\"et_EE\" \/>\n<meta property=\"og:type\" content=\"article\" \/>\n<meta property=\"og:title\" content=\"PUIT - LASITA\" \/>\n<meta property=\"og:description\" content=\"Lasita akende ja uste standardne v\u00e4rvivalik ja kasutatav puitmaterjal.\" \/>\n<meta property=\"og:url\" content=\"https:\/\/www.lasita.ee\/et\/puit\/\" \/>\n<meta property=\"og:site_name\" content=\"LASITA\" \/>\n<meta property=\"article:modified_time\" content=\"2025-12-17T14:23:12+00:00\" \/>\n<meta name=\"twitter:card\" content=\"summary_large_image\" \/>\n<meta name=\"twitter:label1\" content=\"Est. reading time\" \/>\n\t<meta name=\"twitter:data1\" content=\"10 minutit\" \/>\n<script type=\"application\/ld+json\" class=\"yoast-schema-graph\">{\"@context\":\"https:\/\/schema.org\",\"@graph\":[{\"@type\":\"WebPage\",\"@id\":\"https:\/\/www.lasita.ee\/et\/puit\/\",\"url\":\"https:\/\/www.lasita.ee\/et\/puit\/\",\"name\":\"PUIT - LASITA\",\"isPartOf\":{\"@id\":\"https:\/\/www.lasita.ee\/et\/#website\"},\"datePublished\":\"2024-01-31T11:53:06+00:00\",\"dateModified\":\"2025-12-17T14:23:12+00:00\",\"description\":\"Lasita akende ja uste standardne v\u00e4rvivalik ja kasutatav puitmaterjal.\",\"breadcrumb\":{\"@id\":\"https:\/\/www.lasita.ee\/et\/puit\/#breadcrumb\"},\"inLanguage\":\"et\",\"potentialAction\":[{\"@type\":\"ReadAction\",\"target\":[\"https:\/\/www.lasita.ee\/et\/puit\/\"]}]},{\"@type\":\"BreadcrumbList\",\"@id\":\"https:\/\/www.lasita.ee\/et\/puit\/#breadcrumb\",\"itemListElement\":[{\"@type\":\"ListItem\",\"position\":1,\"name\":\"Home\",\"item\":\"https:\/\/www.lasita.ee\/et\/\"},{\"@type\":\"ListItem\",\"position\":2,\"name\":\"PUIT\"}]},{\"@type\":\"WebSite\",\"@id\":\"https:\/\/www.lasita.ee\/et\/#website\",\"url\":\"https:\/\/www.lasita.ee\/et\/\",\"name\":\"LASITA\",\"description\":\"PERFECTING VIEWS\",\"potentialAction\":[{\"@type\":\"SearchAction\",\"target\":{\"@type\":\"EntryPoint\",\"urlTemplate\":\"https:\/\/www.lasita.ee\/et\/?s={search_term_string}\"},\"query-input\":{\"@type\":\"PropertyValueSpecification\",\"valueRequired\":true,\"valueName\":\"search_term_string\"}}],\"inLanguage\":\"et\"}]}<\/script>\n<!-- \/ Yoast SEO plugin. -->","yoast_head_json":{"title":"PUIT - LASITA","description":"Lasita akende ja uste standardne v\u00e4rvivalik ja kasutatav puitmaterjal.","robots":{"index":"index","follow":"follow","max-snippet":"max-snippet:-1","max-image-preview":"max-image-preview:large","max-video-preview":"max-video-preview:-1"},"canonical":"https:\/\/www.lasita.ee\/et\/puit\/","og_locale":"et_EE","og_type":"article","og_title":"PUIT - LASITA","og_description":"Lasita akende ja uste standardne v\u00e4rvivalik ja kasutatav puitmaterjal.","og_url":"https:\/\/www.lasita.ee\/et\/puit\/","og_site_name":"LASITA","article_modified_time":"2025-12-17T14:23:12+00:00","twitter_card":"summary_large_image","twitter_misc":{"Est. reading time":"10 minutit"},"schema":{"@context":"https:\/\/schema.org","@graph":[{"@type":"WebPage","@id":"https:\/\/www.lasita.ee\/et\/puit\/","url":"https:\/\/www.lasita.ee\/et\/puit\/","name":"PUIT - LASITA","isPartOf":{"@id":"https:\/\/www.lasita.ee\/et\/#website"},"datePublished":"2024-01-31T11:53:06+00:00","dateModified":"2025-12-17T14:23:12+00:00","description":"Lasita akende ja uste standardne v\u00e4rvivalik ja kasutatav puitmaterjal.","breadcrumb":{"@id":"https:\/\/www.lasita.ee\/et\/puit\/#breadcrumb"},"inLanguage":"et","potentialAction":[{"@type":"ReadAction","target":["https:\/\/www.lasita.ee\/et\/puit\/"]}]},{"@type":"BreadcrumbList","@id":"https:\/\/www.lasita.ee\/et\/puit\/#breadcrumb","itemListElement":[{"@type":"ListItem","position":1,"name":"Home","item":"https:\/\/www.lasita.ee\/et\/"},{"@type":"ListItem","position":2,"name":"PUIT"}]},{"@type":"WebSite","@id":"https:\/\/www.lasita.ee\/et\/#website","url":"https:\/\/www.lasita.ee\/et\/","name":"LASITA","description":"PERFECTING VIEWS","potentialAction":[{"@type":"SearchAction","target":{"@type":"EntryPoint","urlTemplate":"https:\/\/www.lasita.ee\/et\/?s={search_term_string}"},"query-input":{"@type":"PropertyValueSpecification","valueRequired":true,"valueName":"search_term_string"}}],"inLanguage":"et"}]}},"_links":{"self":[{"href":"https:\/\/www.lasita.ee\/et\/wp-json\/wp\/v2\/pages\/2072","targetHints":{"allow":["GET"]}}],"collection":[{"href":"https:\/\/www.lasita.ee\/et\/wp-json\/wp\/v2\/pages"}],"about":[{"href":"https:\/\/www.lasita.ee\/et\/wp-json\/wp\/v2\/types\/page"}],"author":[{"embeddable":true,"href":"https:\/\/www.lasita.ee\/et\/wp-json\/wp\/v2\/users\/2"}],"replies":[{"embeddable":true,"href":"https:\/\/www.lasita.ee\/et\/wp-json\/wp\/v2\/comments?post=2072"}],"version-history":[{"count":5,"href":"https:\/\/www.lasita.ee\/et\/wp-json\/wp\/v2\/pages\/2072\/revisions"}],"predecessor-version":[{"id":3941,"href":"https:\/\/www.lasita.ee\/et\/wp-json\/wp\/v2\/pages\/2072\/revisions\/3941"}],"wp:attachment":[{"href":"https:\/\/www.lasita.ee\/et\/wp-json\/wp\/v2\/media?parent=2072"}],"curies":[{"name":"wp","href":"https:\/\/api.w.org\/{rel}","templated":true}]}}