{"id":2227,"date":"2024-02-02T07:53:28","date_gmt":"2024-02-02T07:53:28","guid":{"rendered":"https:\/\/www.lasita.ee\/?page_id=2227"},"modified":"2025-06-03T12:14:15","modified_gmt":"2025-06-03T12:14:15","slug":"privaatsuspoliitika","status":"publish","type":"page","link":"https:\/\/www.lasita.ee\/et\/privaatsuspoliitika\/","title":{"rendered":"PRIVAATSUSPOLIITIKA"},"content":{"rendered":"<p><div class=\"fusion-fullwidth fullwidth-box fusion-builder-row-1 fusion-flex-container has-pattern-background has-mask-background fusion-parallax-none nonhundred-percent-fullwidth non-hundred-percent-height-scrolling\" style=\"--awb-border-radius-top-left:0px;--awb-border-radius-top-right:0px;--awb-border-radius-bottom-right:0px;--awb-border-radius-bottom-left:0px;--awb-background-image:url(&quot;https:\/\/www.lasita.ee\/wp-content\/uploads\/2024\/01\/about-header-min.jpg&quot;);--awb-background-size:cover;\" ><div class=\"fusion-builder-row fusion-row fusion-flex-align-items-flex-start\" style=\"max-width:1248px;margin-left: calc(-4% \/ 2 );margin-right: calc(-4% \/ 2 );\"><div class=\"fusion-layout-column fusion_builder_column fusion-builder-column-0 fusion_builder_column_1_3 1_3 fusion-flex-column\" style=\"--awb-bg-size:cover;--awb-width-large:33.333333333333%;--awb-margin-top-large:0px;--awb-spacing-right-large:5.76%;--awb-margin-bottom-large:20px;--awb-spacing-left-large:5.76%;--awb-width-medium:33.333333333333%;--awb-order-medium:0;--awb-spacing-right-medium:5.76%;--awb-spacing-left-medium:5.76%;--awb-width-small:100%;--awb-order-small:0;--awb-spacing-right-small:1.92%;--awb-spacing-left-small:1.92%;\"><div class=\"fusion-column-wrapper fusion-column-has-shadow fusion-flex-justify-content-flex-start fusion-content-layout-column\"><\/div><\/div><div class=\"fusion-layout-column fusion_builder_column fusion-builder-column-1 fusion_builder_column_2_3 2_3 fusion-flex-column\" style=\"--awb-padding-top:150px;--awb-padding-bottom:40px;--awb-bg-size:cover;--awb-width-large:66.666666666667%;--awb-margin-top-large:0px;--awb-spacing-right-large:2.88%;--awb-margin-bottom-large:20px;--awb-spacing-left-large:2.88%;--awb-width-medium:66.666666666667%;--awb-order-medium:0;--awb-spacing-right-medium:2.88%;--awb-spacing-left-medium:2.88%;--awb-width-small:100%;--awb-order-small:0;--awb-spacing-right-small:1.92%;--awb-spacing-left-small:1.92%;\"><div class=\"fusion-column-wrapper fusion-column-has-shadow fusion-flex-justify-content-flex-start fusion-content-layout-column\"><div class=\"fusion-text fusion-text-1 fusion-text-no-margin\" style=\"--awb-margin-bottom:0px;--awb-text-font-family:&quot;Fira Sans&quot;;--awb-text-font-style:normal;--awb-text-font-weight:400;\"><p style=\"text-align: right;\"><span style=\"color: #ffffff;\">L A S I T A<\/span><\/p>\n<\/div><div class=\"fusion-title title fusion-title-1 fusion-sep-none fusion-title-text fusion-title-size-one\" style=\"--awb-text-color:#ffffff;\"><h1 class=\"title-heading-left fusion-responsive-typography-calculated\" style=\"margin:0;--fontSize:45;line-height:1.1;\"><p style=\"text-align: right;\">PRIVACY POLICY<\/p><\/h1><\/div><div class=\"fusion-text fusion-text-2\" style=\"--awb-font-size:16px;--awb-line-height:1.2;--awb-text-font-family:&quot;Roboto Condensed&quot;;--awb-text-font-style:normal;--awb-text-font-weight:300;\"><p style=\"text-align: right;\"><span style=\"color: #ffffff;\">Meie klientide ja koost\u00f6\u00f6partnerite usaldus on meile v\u00e4ga oluline. Soovime, et k\u00f5ik, kes jagavad meiega oma isikuandmeid, oleksid kindlad, et hoolitseme nende andmete eest parimal v\u00f5imalikul viisil. <\/span><\/p>\n<\/div><\/div><\/div><\/div><\/div><div class=\"fusion-fullwidth fullwidth-box fusion-builder-row-2 fusion-flex-container has-pattern-background has-mask-background nonhundred-percent-fullwidth non-hundred-percent-height-scrolling\" style=\"--awb-border-radius-top-left:0px;--awb-border-radius-top-right:0px;--awb-border-radius-bottom-right:0px;--awb-border-radius-bottom-left:0px;--awb-margin-top:40px;\" ><div class=\"fusion-builder-row fusion-row fusion-flex-align-items-flex-start\" style=\"max-width:1248px;margin-left: calc(-4% \/ 2 );margin-right: calc(-4% \/ 2 );\"><div class=\"fusion-layout-column fusion_builder_column fusion-builder-column-2 fusion_builder_column_1_1 1_1 fusion-flex-column\" style=\"--awb-bg-size:cover;--awb-border-color:#000000;--awb-border-style:solid;--awb-width-large:100%;--awb-margin-top-large:0px;--awb-spacing-right-large:1.92%;--awb-margin-bottom-large:20px;--awb-spacing-left-large:1.92%;--awb-width-medium:100%;--awb-order-medium:0;--awb-spacing-right-medium:1.92%;--awb-spacing-left-medium:1.92%;--awb-width-small:100%;--awb-order-small:0;--awb-spacing-right-small:1.92%;--awb-spacing-left-small:1.92%;\"><div class=\"fusion-column-wrapper fusion-column-has-shadow fusion-flex-justify-content-flex-start fusion-content-layout-column\"><div class=\"fusion-text fusion-text-3\"><h2>PRIVAATSUSE POLIITIKA<\/h2>\n<p>Meie klientide ja koost\u00f6\u00f6partnerite usaldus on meile v\u00e4ga oluline. Soovime, et k\u00f5ik, kes jagavad meiega oma isikuandmeid, oleksid kindlad, et hoolitseme nende andmete eest parimal v\u00f5imalikul viisil.<\/p>\n<p>See privaatsuspoliitika on koostatud Lasita Aken ASi endiste, praeguste ja tulevaste klientide privaatsuse kaitsmiseks. Selle alusel kirjeldame p\u00f5him\u00f5tteid, kuidas me klientide isikuandmeid kogume, kasutame, s\u00e4ilitame, edastame ja avaldame vastavalt Eesti Vabariigi seadustele ja Euroopa Liidu \u00f5igusaktidele.<\/p>\n<h2>ISIKUANDMETE KOGUMINE JA KASUTAMINE<\/h2>\n<p>Me k\u00e4sitleme isikuandmetena andmeid, mida isik on meile vabatahtlikult edastanud. Isikuandmed v\u00f5ivad sisaldada nime, telefoninumbrit, e-posti aadressi ja muud kontaktinfot.<\/p>\n<p>Me t\u00f6\u00f6tleme teie isikuandmeid ainult teenuste pakkumiseks ja p\u00e4ringutele vastamiseks.<\/p>\n<p>Lasita Aken AS ei jaga, edasta, muuda ega kasuta isikuandmeid ootamatul viisil, v\u00e4lja arvatud juhul, kui klient on andnud selleks n\u00f5usoleku v\u00f5i kui andmete avaldamise vajadus tuleneb Eesti Vabariigi \u00f5igusaktidest.<\/p>\n<p>Kui olete saanud meilt eelpool nimetatud teavet, ilma et oleksite meile ise oma isikuandmeid edastanud, palume v\u00f5tta \u00fchendust aadressil\u00a0<a href=\"mailto:lasita@lasita.ee\" target=\"_blank\" rel=\"noopener noreferrer\" data-stringify-link=\"mailto:lasita@lasita.ee\" data-sk=\"tooltip_parent\" aria-haspopup=\"menu\">lasita@lasita.ee<\/a>.<\/p>\n<p>Isikul on \u00f5igus oma n\u00f5usolek igal ajal tagasi v\u00f5tta, saates vastavasisulise taotluse aadressile\u00a0<a href=\"mailto:lasita@lasita.ee\" target=\"_blank\" rel=\"noopener noreferrer\" data-stringify-link=\"mailto:lasita@lasita.ee\" data-sk=\"tooltip_parent\" aria-haspopup=\"menu\">lasita@lasita.ee<\/a>.<\/p>\n<h2>K\u00dcPSISED<\/h2>\n<p>Lasita Aken AS kasutab oma veebilehel k\u00fcpsiseid, et pakkuda kasutajatele paremat teenust. Lasita Aken ASile kuuluvad domeenid v\u00f5ivad muu hulgas sisaldada elemente, mis salvestavad kolmandate osapoolte k\u00fcpsiseid.<\/p>\n<p>Veebilehel kasutatavad k\u00fcpsiste t\u00fc\u00fcbid:<\/p>\n<ul data-stringify-type=\"unordered-list\" data-list-tree=\"true\" data-indent=\"0\" data-border=\"0\">\n<li data-stringify-indent=\"0\" data-stringify-border=\"0\">P\u00fcsik\u00fcpsised on vajalikud veebilehel navigeerimiseks ja sisu kasutamiseks. Ilma p\u00fcsik\u00fcpsisteta ei saa kasutaja k\u00f5iki veebilehe funktsioone kasutada.<\/li>\n<li data-stringify-indent=\"0\" data-stringify-border=\"0\">Seansik\u00fcpsised v\u00f5imaldavad veebilehel meelde j\u00e4tta kasutaja varasemaid valikuid (nt kasutajanimi, keeles\u00e4tted) ja pakkuda t\u00f5husamaid ning isikup\u00e4rasemaid funktsioone.<\/li>\n<li data-stringify-indent=\"0\" data-stringify-border=\"0\">J\u00e4lgimisk\u00fcpsised koguvad andmeid kasutaja k\u00e4itumise kohta veebilehel. J\u00e4lgimisk\u00fcpsistelt saadud teave aitab veebilehte mugavamaks muuta.<\/li>\n<\/ul>\n<p>K\u00fcpsis on tekstifail, mille veebilehed, mida kasutaja k\u00fclastab, saadavad kasutaja arvutisse ja mis salvestatakse tema veebibrauseri failikataloogi. Kui kasutaja on veebilehte varem k\u00fclastanud, loeb brauser k\u00fcpsist ja edastab vastava teabe veebilehele v\u00f5i elemendile, mis algselt k\u00fcpsise salvestas. T\u00e4psemat teavet k\u00fcpsiste kohta leiab veebilehelt\u00a0<a href=\"http:\/\/www.allaboutcookies.org\/\" target=\"_blank\" rel=\"noopener noreferrer\" data-stringify-link=\"http:\/\/www.allaboutcookies.org\/\" data-sk=\"tooltip_parent\">http:\/\/www.allaboutcookies.org\/<\/a>.<\/p>\n<p>Veebibrauseril on \u00f5igus k\u00fcpsiste kasutamine keelata. Kui soovite seda teha, tuleb muuta veebibrauseri s\u00e4tteid.<\/p>\n<h2>PRIVAATSUSPOLIITIKA TINGIMUSED<\/h2>\n<p>Edastades meile oma andmeid ja j\u00e4tkates meie veebilehe kasutamist, n\u00f5ustute meie poliitika ja tingimustega. Lasita Aken AS j\u00e4tab endale vajadusel \u00f5iguse muuta privaatsuspoliitika \u00fcldtingimusi.<\/p>\n<p>K\u00f5igi privaatsuspoliitikaga seotud k\u00fcsimuste korral v\u00f5tke palun meiega \u00fchendust aadressil\u00a0<a href=\"mailto:lasita@lasita.ee\" target=\"_blank\" rel=\"noopener noreferrer\" data-stringify-link=\"mailto:lasita@lasita.ee\" data-sk=\"tooltip_parent\" aria-haspopup=\"menu\">lasita@lasita.ee<\/a>.<\/p>\n<\/div><\/div><\/div><\/div><\/div><\/p>\n","protected":false},"excerpt":{"rendered":"","protected":false},"author":3,"featured_media":0,"parent":0,"menu_order":0,"comment_status":"closed","ping_status":"closed","template":"100-width.php","meta":{"inline_featured_image":false,"footnotes":""},"class_list":["post-2227","page","type-page","status-publish","hentry"],"yoast_head":"<!-- This site is optimized with the Yoast SEO plugin v25.2 - https:\/\/yoast.com\/wordpress\/plugins\/seo\/ -->\n<title>PRIVAATSUSPOLIITIKA - LASITA<\/title>\n<meta name=\"robots\" content=\"index, follow, max-snippet:-1, max-image-preview:large, max-video-preview:-1\" \/>\n<link rel=\"canonical\" href=\"https:\/\/www.lasita.ee\/et\/privaatsuspoliitika\/\" \/>\n<meta property=\"og:locale\" content=\"et_EE\" \/>\n<meta property=\"og:type\" content=\"article\" \/>\n<meta property=\"og:title\" content=\"PRIVAATSUSPOLIITIKA - LASITA\" \/>\n<meta property=\"og:url\" content=\"https:\/\/www.lasita.ee\/et\/privaatsuspoliitika\/\" \/>\n<meta property=\"og:site_name\" content=\"LASITA\" \/>\n<meta property=\"article:modified_time\" content=\"2025-06-03T12:14:15+00:00\" \/>\n<meta name=\"twitter:card\" content=\"summary_large_image\" \/>\n<meta name=\"twitter:label1\" content=\"Est. reading time\" \/>\n\t<meta name=\"twitter:data1\" content=\"7 minutit\" \/>\n<script type=\"application\/ld+json\" class=\"yoast-schema-graph\">{\"@context\":\"https:\/\/schema.org\",\"@graph\":[{\"@type\":\"WebPage\",\"@id\":\"https:\/\/www.lasita.ee\/et\/privaatsuspoliitika\/\",\"url\":\"https:\/\/www.lasita.ee\/et\/privaatsuspoliitika\/\",\"name\":\"PRIVAATSUSPOLIITIKA - LASITA\",\"isPartOf\":{\"@id\":\"https:\/\/www.lasita.ee\/et\/#website\"},\"datePublished\":\"2024-02-02T07:53:28+00:00\",\"dateModified\":\"2025-06-03T12:14:15+00:00\",\"breadcrumb\":{\"@id\":\"https:\/\/www.lasita.ee\/et\/privaatsuspoliitika\/#breadcrumb\"},\"inLanguage\":\"et\",\"potentialAction\":[{\"@type\":\"ReadAction\",\"target\":[\"https:\/\/www.lasita.ee\/et\/privaatsuspoliitika\/\"]}]},{\"@type\":\"BreadcrumbList\",\"@id\":\"https:\/\/www.lasita.ee\/et\/privaatsuspoliitika\/#breadcrumb\",\"itemListElement\":[{\"@type\":\"ListItem\",\"position\":1,\"name\":\"Home\",\"item\":\"https:\/\/www.lasita.ee\/et\/\"},{\"@type\":\"ListItem\",\"position\":2,\"name\":\"PRIVAATSUSPOLIITIKA\"}]},{\"@type\":\"WebSite\",\"@id\":\"https:\/\/www.lasita.ee\/et\/#website\",\"url\":\"https:\/\/www.lasita.ee\/et\/\",\"name\":\"LASITA\",\"description\":\"PERFECTING VIEWS\",\"potentialAction\":[{\"@type\":\"SearchAction\",\"target\":{\"@type\":\"EntryPoint\",\"urlTemplate\":\"https:\/\/www.lasita.ee\/et\/?s={search_term_string}\"},\"query-input\":{\"@type\":\"PropertyValueSpecification\",\"valueRequired\":true,\"valueName\":\"search_term_string\"}}],\"inLanguage\":\"et\"}]}<\/script>\n<!-- \/ Yoast SEO plugin. -->","yoast_head_json":{"title":"PRIVAATSUSPOLIITIKA - LASITA","robots":{"index":"index","follow":"follow","max-snippet":"max-snippet:-1","max-image-preview":"max-image-preview:large","max-video-preview":"max-video-preview:-1"},"canonical":"https:\/\/www.lasita.ee\/et\/privaatsuspoliitika\/","og_locale":"et_EE","og_type":"article","og_title":"PRIVAATSUSPOLIITIKA - LASITA","og_url":"https:\/\/www.lasita.ee\/et\/privaatsuspoliitika\/","og_site_name":"LASITA","article_modified_time":"2025-06-03T12:14:15+00:00","twitter_card":"summary_large_image","twitter_misc":{"Est. reading time":"7 minutit"},"schema":{"@context":"https:\/\/schema.org","@graph":[{"@type":"WebPage","@id":"https:\/\/www.lasita.ee\/et\/privaatsuspoliitika\/","url":"https:\/\/www.lasita.ee\/et\/privaatsuspoliitika\/","name":"PRIVAATSUSPOLIITIKA - LASITA","isPartOf":{"@id":"https:\/\/www.lasita.ee\/et\/#website"},"datePublished":"2024-02-02T07:53:28+00:00","dateModified":"2025-06-03T12:14:15+00:00","breadcrumb":{"@id":"https:\/\/www.lasita.ee\/et\/privaatsuspoliitika\/#breadcrumb"},"inLanguage":"et","potentialAction":[{"@type":"ReadAction","target":["https:\/\/www.lasita.ee\/et\/privaatsuspoliitika\/"]}]},{"@type":"BreadcrumbList","@id":"https:\/\/www.lasita.ee\/et\/privaatsuspoliitika\/#breadcrumb","itemListElement":[{"@type":"ListItem","position":1,"name":"Home","item":"https:\/\/www.lasita.ee\/et\/"},{"@type":"ListItem","position":2,"name":"PRIVAATSUSPOLIITIKA"}]},{"@type":"WebSite","@id":"https:\/\/www.lasita.ee\/et\/#website","url":"https:\/\/www.lasita.ee\/et\/","name":"LASITA","description":"PERFECTING VIEWS","potentialAction":[{"@type":"SearchAction","target":{"@type":"EntryPoint","urlTemplate":"https:\/\/www.lasita.ee\/et\/?s={search_term_string}"},"query-input":{"@type":"PropertyValueSpecification","valueRequired":true,"valueName":"search_term_string"}}],"inLanguage":"et"}]}},"_links":{"self":[{"href":"https:\/\/www.lasita.ee\/et\/wp-json\/wp\/v2\/pages\/2227","targetHints":{"allow":["GET"]}}],"collection":[{"href":"https:\/\/www.lasita.ee\/et\/wp-json\/wp\/v2\/pages"}],"about":[{"href":"https:\/\/www.lasita.ee\/et\/wp-json\/wp\/v2\/types\/page"}],"author":[{"embeddable":true,"href":"https:\/\/www.lasita.ee\/et\/wp-json\/wp\/v2\/users\/3"}],"replies":[{"embeddable":true,"href":"https:\/\/www.lasita.ee\/et\/wp-json\/wp\/v2\/comments?post=2227"}],"version-history":[{"count":4,"href":"https:\/\/www.lasita.ee\/et\/wp-json\/wp\/v2\/pages\/2227\/revisions"}],"predecessor-version":[{"id":2274,"href":"https:\/\/www.lasita.ee\/et\/wp-json\/wp\/v2\/pages\/2227\/revisions\/2274"}],"wp:attachment":[{"href":"https:\/\/www.lasita.ee\/et\/wp-json\/wp\/v2\/media?parent=2227"}],"curies":[{"name":"wp","href":"https:\/\/api.w.org\/{rel}","templated":true}]}}