{"id":2484,"date":"2024-01-30T11:53:02","date_gmt":"2024-01-30T11:53:02","guid":{"rendered":"https:\/\/www.lasita.ee\/?page_id=2484"},"modified":"2025-12-18T07:21:48","modified_gmt":"2025-12-18T07:21:48","slug":"dokumentacija","status":"publish","type":"page","link":"https:\/\/www.lasita.ee\/lv\/dokumentacija\/","title":{"rendered":"DOKUMENT\u0100CIJA"},"content":{"rendered":"<p><div class=\"fusion-fullwidth fullwidth-box fusion-builder-row-1 fusion-flex-container has-pattern-background has-mask-background fusion-parallax-none nonhundred-percent-fullwidth non-hundred-percent-height-scrolling\" style=\"--awb-border-radius-top-left:0px;--awb-border-radius-top-right:0px;--awb-border-radius-bottom-right:0px;--awb-border-radius-bottom-left:0px;--awb-background-image:url(&quot;https:\/\/www.lasita.ee\/wp-content\/uploads\/2024\/01\/about-header-min.jpg&quot;);--awb-background-size:cover;\" ><div class=\"fusion-builder-row fusion-row fusion-flex-align-items-flex-start\" style=\"max-width:1248px;margin-left: calc(-4% \/ 2 );margin-right: calc(-4% \/ 2 );\"><div class=\"fusion-layout-column fusion_builder_column fusion-builder-column-0 fusion_builder_column_2_5 2_5 fusion-flex-column\" style=\"--awb-bg-size:cover;--awb-width-large:40%;--awb-margin-top-large:0px;--awb-spacing-right-large:4.8%;--awb-margin-bottom-large:20px;--awb-spacing-left-large:4.8%;--awb-width-medium:40%;--awb-order-medium:0;--awb-spacing-right-medium:4.8%;--awb-spacing-left-medium:4.8%;--awb-width-small:100%;--awb-order-small:0;--awb-spacing-right-small:1.92%;--awb-spacing-left-small:1.92%;\"><div class=\"fusion-column-wrapper fusion-column-has-shadow fusion-flex-justify-content-flex-start fusion-content-layout-column\"><\/div><\/div><div class=\"fusion-layout-column fusion_builder_column fusion-builder-column-1 fusion_builder_column_3_5 3_5 fusion-flex-column\" style=\"--awb-padding-top:150px;--awb-padding-bottom:40px;--awb-bg-size:cover;--awb-width-large:60%;--awb-margin-top-large:0px;--awb-spacing-right-large:3.2%;--awb-margin-bottom-large:20px;--awb-spacing-left-large:3.2%;--awb-width-medium:60%;--awb-order-medium:0;--awb-spacing-right-medium:3.2%;--awb-spacing-left-medium:3.2%;--awb-width-small:100%;--awb-order-small:0;--awb-spacing-right-small:1.92%;--awb-spacing-left-small:1.92%;\"><div class=\"fusion-column-wrapper fusion-column-has-shadow fusion-flex-justify-content-flex-start fusion-content-layout-column\"><div class=\"fusion-text fusion-text-1 fusion-text-no-margin\" style=\"--awb-letter-spacing:4.5px;--awb-margin-bottom:0px;--awb-text-font-family:&quot;Fira Sans&quot;;--awb-text-font-style:normal;--awb-text-font-weight:400;\"><p style=\"text-align: right;\"><span style=\"color: #ffffff;\">LASITA<\/span><\/p>\n<\/div><div class=\"fusion-title title fusion-title-1 fusion-sep-none fusion-title-text fusion-title-size-one\" style=\"--awb-text-color:#ffffff;\"><h1 class=\"title-heading-left fusion-responsive-typography-calculated\" style=\"margin:0;--fontSize:45;line-height:1.1;\"><p style=\"text-align: right;\">DOKUMENT\u0100CIJA<\/p><\/h1><\/div><div class=\"fusion-text fusion-text-2\" style=\"--awb-font-size:16px;--awb-line-height:1.2;--awb-text-font-family:&quot;Roboto Condensed&quot;;--awb-text-font-style:normal;--awb-text-font-weight:300;\"><p style=\"text-align: right;\"><span style=\"color: #ffffff;\">Lasita dokument\u0101cija \u2013 apskatiet katalogus, produktu lapas, sertifik\u0101tus, apkopes un uzst\u0101d\u012b\u0161anas instrukcijas, k\u0101 ar\u012b kvalit\u0101tes dokumentus par koka un koka-alum\u012bnija logiem.<\/span><\/p>\n<\/div><\/div><\/div><\/div><\/div><div class=\"fusion-fullwidth fullwidth-box fusion-builder-row-2 fusion-flex-container has-pattern-background has-mask-background nonhundred-percent-fullwidth non-hundred-percent-height-scrolling\" style=\"--awb-border-radius-top-left:0px;--awb-border-radius-top-right:0px;--awb-border-radius-bottom-right:0px;--awb-border-radius-bottom-left:0px;--awb-margin-top:40px;\" ><div class=\"fusion-builder-row fusion-row fusion-flex-align-items-flex-start\" style=\"max-width:1248px;margin-left: calc(-4% \/ 2 );margin-right: calc(-4% \/ 2 );\"><div class=\"fusion-layout-column fusion_builder_column fusion-builder-column-2 fusion_builder_column_1_2 1_2 fusion-flex-column\" style=\"--awb-bg-size:cover;--awb-border-color:#000000;--awb-border-style:solid;--awb-width-large:50%;--awb-margin-top-large:0px;--awb-spacing-right-large:3.84%;--awb-margin-bottom-large:20px;--awb-spacing-left-large:3.84%;--awb-width-medium:50%;--awb-order-medium:0;--awb-spacing-right-medium:3.84%;--awb-spacing-left-medium:3.84%;--awb-width-small:100%;--awb-order-small:0;--awb-spacing-right-small:1.92%;--awb-spacing-left-small:1.92%;\"><div class=\"fusion-column-wrapper fusion-column-has-shadow fusion-flex-justify-content-flex-start fusion-content-layout-column\"><div class=\"fusion-title title fusion-title-2 fusion-sep-none fusion-title-text fusion-title-size-two\"><h2 class=\"title-heading-left fusion-responsive-typography-calculated\" style=\"margin:0;text-transform:uppercase;--fontSize:28;line-height:1.1;\">Katalogi un produktu kartes<\/h2><\/div><ul style=\"--awb-iconcolor:var(--awb-color8);--awb-line-height:27.2px;--awb-icon-width:27.2px;--awb-icon-height:27.2px;--awb-icon-margin:11.2px;--awb-content-margin:38.4px;--awb-circlecolor:var(--awb-color4);--awb-circle-yes-font-size:14.08px;\" class=\"fusion-checklist fusion-checklist-1 fusion-checklist-default type-icons\"><li class=\"fusion-li-item\" style=\"\"><span class=\"icon-wrapper circle-yes\"><i class=\"fusion-li-icon fa-file-pdf fas\" aria-hidden=\"true\"><\/i><\/span><div class=\"fusion-li-item-content\"><a href=\"https:\/\/www.lasita.ee\/wp-content\/uploads\/2024\/01\/LASITA_tooteleht_A4_2020_SD-SKYLINE-SLIDING-DOOR_EN_web.pdf\" target=\"_blank\" rel=\"noopener noreferrer\">Lasita paral\u0113l\u0101s b\u012bd\u0101m\u0101s durvis Skyline<\/a><\/div><\/li><li class=\"fusion-li-item\" style=\"\"><span class=\"icon-wrapper circle-yes\"><i class=\"fusion-li-icon fa-file-pdf fas\" aria-hidden=\"true\"><\/i><\/span><div class=\"fusion-li-item-content\"><a href=\"https:\/\/www.lasita.ee\/wp-content\/uploads\/2024\/01\/LASITA_tooteleht_A4_2020_sissepoole-avanevad-puitaknad_EN_web.pdf\" target=\"_blank\" rel=\"noopener\">Lasita DK (uz iek\u0161u veramie) koka logi<\/a><\/div><\/li><\/ul><div class=\"fusion-separator fusion-full-width-sep\" style=\"align-self: center;margin-left: auto;margin-right: auto;margin-bottom:30px;width:100%;\"><\/div><div class=\"fusion-title title fusion-title-3 fusion-sep-none fusion-title-text fusion-title-size-two\"><h2 class=\"title-heading-left fusion-responsive-typography-calculated\" style=\"margin:0;text-transform:uppercase;--fontSize:28;line-height:1.1;\">Kvalit\u0101tes nov\u0113rt\u0113\u0161anas dokumenti<\/h2><\/div><ul style=\"--awb-iconcolor:var(--awb-color8);--awb-line-height:27.2px;--awb-icon-width:27.2px;--awb-icon-height:27.2px;--awb-icon-margin:11.2px;--awb-content-margin:38.4px;--awb-circlecolor:var(--awb-color4);--awb-circle-yes-font-size:14.08px;\" class=\"fusion-checklist fusion-checklist-2 fusion-checklist-default type-icons\"><li class=\"fusion-li-item\" style=\"\"><span class=\"icon-wrapper circle-yes\"><i class=\"fusion-li-icon fa-file-pdf fas\" aria-hidden=\"true\"><\/i><\/span><div class=\"fusion-li-item-content\"><a href=\"https:\/\/www.lasita.ee\/wp-content\/uploads\/2024\/01\/Guarantee-conditions-Annex-1-GUIDELINES-FOR-VISUAL-ASSESSMENT-OF-PRODUCT-QUALITY.pdf\" target=\"_blank\" rel=\"noopener\">Vadl\u012bnijas koka logu un durvju virsmas kvalit\u0101tes vizu\u0101lajai nov\u0113rt\u0113\u0161anai<\/a><\/div><\/li><\/ul><div class=\"fusion-separator fusion-full-width-sep\" style=\"align-self: center;margin-left: auto;margin-right: auto;margin-bottom:30px;width:100%;\"><\/div><div class=\"fusion-title title fusion-title-4 fusion-sep-none fusion-title-text fusion-title-size-two\"><h2 class=\"title-heading-left fusion-responsive-typography-calculated\" style=\"margin:0;text-transform:uppercase;--fontSize:28;line-height:1.1;\">Sertifik\u0101ti<\/h2><\/div><ul style=\"--awb-iconcolor:var(--awb-color8);--awb-line-height:27.2px;--awb-icon-width:27.2px;--awb-icon-height:27.2px;--awb-icon-margin:11.2px;--awb-content-margin:38.4px;--awb-circlecolor:var(--awb-color4);--awb-circle-yes-font-size:14.08px;\" class=\"fusion-checklist fusion-checklist-3 fusion-checklist-default type-icons\"><li class=\"fusion-li-item\" style=\"\"><span class=\"icon-wrapper circle-yes\"><i class=\"fusion-li-icon fa-file-pdf fas\" aria-hidden=\"true\"><\/i><\/span><div class=\"fusion-li-item-content\"><a href=\"https:\/\/www.lasita.ee\/wp-content\/uploads\/2024\/01\/CE-fix-sertifikaat-2014.pdf\" target=\"_blank\" rel=\"noopener\">CE-fix sertifik\u0101ti (2014)<\/a><\/div><\/li><li class=\"fusion-li-item\" style=\"\"><span class=\"icon-wrapper circle-yes\"><i class=\"fusion-li-icon fa-file-pdf fas\" aria-hidden=\"true\"><\/i><\/span><div class=\"fusion-li-item-content\"><a href=\"https:\/\/www.lasita.ee\/wp-content\/uploads\/2025\/12\/Certificate_PC_CPR_EN_16034_Lasita_Aken_AS_0019_v6.pdf\" target=\"_blank\" rel=\"noopener\">Veiktsp\u0113jas nemain\u012bbas sertifik\u0101ts<\/a><\/div><\/li><li class=\"fusion-li-item\" style=\"\"><span class=\"icon-wrapper circle-yes\"><i class=\"fusion-li-icon fa-file-pdf fas\" aria-hidden=\"true\"><\/i><\/span><div class=\"fusion-li-item-content\"><a href=\"https:\/\/www.lasita.ee\/wp-content\/uploads\/2025\/12\/Certificate_PC_EPC_EN_16034_Lasita_Aken_AS_0001_v5_ENG.pdf\" target=\"_blank\" rel=\"noopener\">Atbilst\u012bbas sertifik\u0101ts<\/a><\/div><\/li><\/ul><\/div><\/div><div class=\"fusion-layout-column fusion_builder_column fusion-builder-column-3 fusion_builder_column_1_2 1_2 fusion-flex-column\" style=\"--awb-bg-size:cover;--awb-border-color:#000000;--awb-border-style:solid;--awb-width-large:50%;--awb-margin-top-large:0px;--awb-spacing-right-large:3.84%;--awb-margin-bottom-large:20px;--awb-spacing-left-large:3.84%;--awb-width-medium:50%;--awb-order-medium:0;--awb-spacing-right-medium:3.84%;--awb-spacing-left-medium:3.84%;--awb-width-small:100%;--awb-order-small:0;--awb-spacing-right-small:1.92%;--awb-spacing-left-small:1.92%;\"><div class=\"fusion-column-wrapper fusion-column-has-shadow fusion-flex-justify-content-flex-start fusion-content-layout-column\"><div class=\"fusion-title title fusion-title-5 fusion-sep-none fusion-title-text fusion-title-size-two\"><h2 class=\"title-heading-left fusion-responsive-typography-calculated\" style=\"margin:0;text-transform:uppercase;--fontSize:28;line-height:1.1;\">Garantijas noteikumi un rokasgr\u0101matas<\/h2><\/div><ul style=\"--awb-iconcolor:var(--awb-color8);--awb-line-height:27.2px;--awb-icon-width:27.2px;--awb-icon-height:27.2px;--awb-icon-margin:11.2px;--awb-content-margin:38.4px;--awb-circlecolor:var(--awb-color4);--awb-circle-yes-font-size:14.08px;\" class=\"fusion-checklist fusion-checklist-4 fusion-checklist-default type-icons\"><li class=\"fusion-li-item\" style=\"\"><span class=\"icon-wrapper circle-yes\"><i class=\"fusion-li-icon fa-file-pdf fas\" aria-hidden=\"true\"><\/i><\/span><div class=\"fusion-li-item-content\"><a href=\"https:\/\/www.lasita.ee\/wp-content\/uploads\/2024\/01\/LASITA-AKEN-WARRANTY-TERMS-AND-CONDITIONS-MAINTENANCE-AND-INSTALLATION-INSTRUCTIONS.pdf\" target=\"_blank\" rel=\"noopener\">Lasita logu garantijas noteikumi, uzst\u0101d\u012b\u0161anas un apkopes instrukcijas<\/a><\/div><\/li><li class=\"fusion-li-item\" style=\"\"><span class=\"icon-wrapper circle-yes\"><i class=\"fusion-li-icon fa-file-pdf fas\" aria-hidden=\"true\"><\/i><\/span><div class=\"fusion-li-item-content\"><a href=\"https:\/\/www.lasita.ee\/wp-content\/uploads\/2024\/01\/Lasita-Aken-AS_Maintenance-and-user-instructions-of-windows-and-doors_Annex-3.pdf\" target=\"_blank\" rel=\"noopener\">Logu un durvju lieto\u0161anas un apkopes instrukcija<\/a><\/div><\/li><li class=\"fusion-li-item\" style=\"\"><span class=\"icon-wrapper circle-yes\"><i class=\"fusion-li-icon fa-file-pdf fas\" aria-hidden=\"true\"><\/i><\/span><div class=\"fusion-li-item-content\"><a href=\"https:\/\/www.lasita.ee\/wp-content\/uploads\/2024\/01\/Lasita-Aken-AS_Storage-and-protection-of-windows-during-the-constructions-process_Annex-2.pdf\" target=\"_blank\" rel=\"noopener\">Koka konstrukciju uzglab\u0101\u0161ana un aizsardz\u012bba b\u016bvniec\u012bbas laik\u0101<\/a><\/div><\/li><li class=\"fusion-li-item\" style=\"\"><span class=\"icon-wrapper circle-yes\"><i class=\"fusion-li-icon fa-file-pdf fas\" aria-hidden=\"true\"><\/i><\/span><div class=\"fusion-li-item-content\"><a href=\"https:\/\/www.lasita.ee\/wp-content\/uploads\/2024\/01\/Roto-NT-adjustment-instructions.pdf\" target=\"_blank\" rel=\"noopener\">ROTO NT regul\u0113\u0161anas instrukcijas<\/a><\/div><\/li><li class=\"fusion-li-item\" style=\"\"><span class=\"icon-wrapper circle-yes\"><i class=\"fusion-li-icon fa-file-pdf fas\" aria-hidden=\"true\"><\/i><\/span><div class=\"fusion-li-item-content\"><a href=\"https:\/\/www.lasita.ee\/wp-content\/uploads\/2025\/09\/LASITA_IMO_456_Roto_NX_Des_PHinge_T_Adjustment_Handling_EN.pdf\" target=\"_blank\" rel=\"noopener\">ROTO NX uzst\u0101d\u012b\u0161anas, apkopes un ekspluat\u0101cijas instrukcijas koka profiliem<\/a><\/div><\/li><li class=\"fusion-li-item\" style=\"\"><span class=\"icon-wrapper circle-yes\"><i class=\"fusion-li-icon fa-file-pdf fas\" aria-hidden=\"true\"><\/i><\/span><div class=\"fusion-li-item-content\"><a href=\"https:\/\/www.lasita.ee\/wp-content\/uploads\/2024\/01\/ROTO-Designo-adjustment.pdf\" target=\"_blank\" rel=\"noopener\">ROTO Designo regul\u0113\u0161anas instrukcija<\/a><\/div><\/li><li class=\"fusion-li-item\" style=\"\"><span class=\"icon-wrapper circle-yes\"><i class=\"fusion-li-icon fa-file-pdf fas\" aria-hidden=\"true\"><\/i><\/span><div class=\"fusion-li-item-content\"><a href=\"https:\/\/www.lasita.ee\/wp-content\/uploads\/2024\/01\/Teknocare-4250-00_en.pdf\" target=\"_blank\" rel=\"noopener\">Teknocare 4250-00 (500 ml) kop\u0161anas vasks<\/a><\/div><\/li><\/ul><div class=\"fusion-separator fusion-full-width-sep\" style=\"align-self: center;margin-left: auto;margin-right: auto;margin-bottom:30px;width:100%;\"><\/div><\/div><\/div><\/div><\/div><div class=\"fusion-fullwidth fullwidth-box fusion-builder-row-3 fusion-flex-container has-pattern-background has-mask-background nonhundred-percent-fullwidth non-hundred-percent-height-scrolling\" style=\"--awb-border-radius-top-left:0px;--awb-border-radius-top-right:0px;--awb-border-radius-bottom-right:0px;--awb-border-radius-bottom-left:0px;--awb-padding-top:60px;--awb-padding-bottom:60px;--awb-margin-bottom:0px;--awb-background-color:#ededed;\" ><div class=\"fusion-builder-row fusion-row fusion-flex-align-items-flex-start\" style=\"max-width:1248px;margin-left: calc(-4% \/ 2 );margin-right: calc(-4% \/ 2 );\"><div class=\"fusion-layout-column fusion_builder_column fusion-builder-column-4 fusion_builder_column_4_5 4_5 fusion-flex-column\" style=\"--awb-padding-top:1%;--awb-padding-right:5%;--awb-padding-bottom:1%;--awb-padding-left:5%;--awb-bg-size:cover;--awb-border-color:#000000;--awb-border-right:1px;--awb-border-style:solid;--awb-width-large:80%;--awb-margin-top-large:0px;--awb-spacing-right-large:2.4%;--awb-margin-bottom-large:0px;--awb-spacing-left-large:2.4%;--awb-width-medium:80%;--awb-order-medium:0;--awb-spacing-right-medium:2.4%;--awb-spacing-left-medium:2.4%;--awb-width-small:100%;--awb-order-small:0;--awb-spacing-right-small:1.92%;--awb-spacing-left-small:1.92%;\"><div class=\"fusion-column-wrapper fusion-column-has-shadow fusion-flex-justify-content-flex-start fusion-content-layout-column\"><div class=\"fusion-title title fusion-title-6 fusion-sep-none fusion-title-text fusion-title-size-two\"><h2 class=\"title-heading-left fusion-responsive-typography-calculated\" style=\"margin:0;--fontSize:28;line-height:1.1;\"><p style=\"text-align: right;\">CONTACT US<\/p><\/h2><\/div><div class=\"fusion-text fusion-text-3\" style=\"--awb-font-size:16px;--awb-line-height:1.2;--awb-text-font-family:&quot;Roboto Condensed&quot;;--awb-text-font-style:normal;--awb-text-font-weight:300;\"><p style=\"text-align: right;\">Have questions or need assistance? Feel free to reach out through our contact form. We\u2019re dedicated to providing the support you need. Your inquiries matter to us, and we\u2019re here to ensure your experience is seamless. Looking forward to hearing from you!<\/p>\n<\/div><div style=\"text-align:right;\"><a class=\"fusion-button button-flat button-medium button-custom fusion-button-default button-1 fusion-button-default-span fusion-button-default-type\" style=\"--button_accent_color:var(--awb-color1);--button_accent_hover_color:#ffffff;--button_border_hover_color:#ffffff;--button_gradient_top_color:#000000;--button_gradient_bottom_color:#000000;--button_gradient_top_color_hover:#000000;--button_gradient_bottom_color_hover:#000000;--button_typography-font-family:&quot;Roboto Condensed&quot;;--button_typography-font-style:normal;--button_typography-font-weight:700;\" target=\"_self\" href=\"https:\/\/www.lasita.ee\/lv\/kontakti\/\"><span class=\"fusion-button-text\">SAZINIETIES VAI NOS\u016aTIET VAIC\u0100JUMU<\/span><\/a><\/div><\/div><\/div><\/div><\/div>\n<\/p>\n","protected":false},"excerpt":{"rendered":"","protected":false},"author":3,"featured_media":0,"parent":0,"menu_order":0,"comment_status":"closed","ping_status":"closed","template":"100-width.php","meta":{"inline_featured_image":false,"footnotes":""},"class_list":["post-2484","page","type-page","status-publish","hentry"],"yoast_head":"<!-- This site is optimized with the Yoast SEO plugin v25.2 - https:\/\/yoast.com\/wordpress\/plugins\/seo\/ -->\n<title>DOKUMENT\u0100CIJA - LASITA<\/title>\n<meta name=\"description\" content=\"Lasita dokument\u0101cija \u2013 apskatiet katalogus, produktu lapas, sertifik\u0101tus, apkopes un uzst\u0101d\u012b\u0161anas instrukcijas, k\u0101 ar\u012b kvalit\u0101tes dokumentus par koka un koka-alum\u012bnija logiem.\" \/>\n<meta name=\"robots\" content=\"index, follow, max-snippet:-1, max-image-preview:large, max-video-preview:-1\" \/>\n<link rel=\"canonical\" href=\"https:\/\/www.lasita.ee\/lv\/dokumentacija\/\" \/>\n<meta property=\"og:locale\" content=\"lv_LV\" \/>\n<meta property=\"og:type\" content=\"article\" \/>\n<meta property=\"og:title\" content=\"DOKUMENT\u0100CIJA - LASITA\" \/>\n<meta property=\"og:description\" content=\"Lasita dokument\u0101cija \u2013 apskatiet katalogus, produktu lapas, sertifik\u0101tus, apkopes un uzst\u0101d\u012b\u0161anas instrukcijas, k\u0101 ar\u012b kvalit\u0101tes dokumentus par koka un koka-alum\u012bnija logiem.\" \/>\n<meta property=\"og:url\" content=\"https:\/\/www.lasita.ee\/lv\/dokumentacija\/\" \/>\n<meta property=\"og:site_name\" content=\"LASITA\" \/>\n<meta property=\"article:modified_time\" content=\"2025-12-18T07:21:48+00:00\" \/>\n<meta name=\"twitter:card\" content=\"summary_large_image\" \/>\n<meta name=\"twitter:label1\" content=\"Est. reading time\" \/>\n\t<meta name=\"twitter:data1\" content=\"9 minutes\" \/>\n<script type=\"application\/ld+json\" class=\"yoast-schema-graph\">{\"@context\":\"https:\/\/schema.org\",\"@graph\":[{\"@type\":\"WebPage\",\"@id\":\"https:\/\/www.lasita.ee\/lv\/dokumentacija\/\",\"url\":\"https:\/\/www.lasita.ee\/lv\/dokumentacija\/\",\"name\":\"DOKUMENT\u0100CIJA - LASITA\",\"isPartOf\":{\"@id\":\"https:\/\/www.lasita.ee\/lv\/#website\"},\"datePublished\":\"2024-01-30T11:53:02+00:00\",\"dateModified\":\"2025-12-18T07:21:48+00:00\",\"description\":\"Lasita dokument\u0101cija \u2013 apskatiet katalogus, produktu lapas, sertifik\u0101tus, apkopes un uzst\u0101d\u012b\u0161anas instrukcijas, k\u0101 ar\u012b kvalit\u0101tes dokumentus par koka un koka-alum\u012bnija logiem.\",\"breadcrumb\":{\"@id\":\"https:\/\/www.lasita.ee\/lv\/dokumentacija\/#breadcrumb\"},\"inLanguage\":\"lv-LV\",\"potentialAction\":[{\"@type\":\"ReadAction\",\"target\":[\"https:\/\/www.lasita.ee\/lv\/dokumentacija\/\"]}]},{\"@type\":\"BreadcrumbList\",\"@id\":\"https:\/\/www.lasita.ee\/lv\/dokumentacija\/#breadcrumb\",\"itemListElement\":[{\"@type\":\"ListItem\",\"position\":1,\"name\":\"Home\",\"item\":\"https:\/\/www.lasita.ee\/lv\/\"},{\"@type\":\"ListItem\",\"position\":2,\"name\":\"DOKUMENT\u0100CIJA\"}]},{\"@type\":\"WebSite\",\"@id\":\"https:\/\/www.lasita.ee\/lv\/#website\",\"url\":\"https:\/\/www.lasita.ee\/lv\/\",\"name\":\"LASITA\",\"description\":\"PERFECTING VIEWS\",\"potentialAction\":[{\"@type\":\"SearchAction\",\"target\":{\"@type\":\"EntryPoint\",\"urlTemplate\":\"https:\/\/www.lasita.ee\/lv\/?s={search_term_string}\"},\"query-input\":{\"@type\":\"PropertyValueSpecification\",\"valueRequired\":true,\"valueName\":\"search_term_string\"}}],\"inLanguage\":\"lv-LV\"}]}<\/script>\n<!-- \/ Yoast SEO plugin. -->","yoast_head_json":{"title":"DOKUMENT\u0100CIJA - LASITA","description":"Lasita dokument\u0101cija \u2013 apskatiet katalogus, produktu lapas, sertifik\u0101tus, apkopes un uzst\u0101d\u012b\u0161anas instrukcijas, k\u0101 ar\u012b kvalit\u0101tes dokumentus par koka un koka-alum\u012bnija logiem.","robots":{"index":"index","follow":"follow","max-snippet":"max-snippet:-1","max-image-preview":"max-image-preview:large","max-video-preview":"max-video-preview:-1"},"canonical":"https:\/\/www.lasita.ee\/lv\/dokumentacija\/","og_locale":"lv_LV","og_type":"article","og_title":"DOKUMENT\u0100CIJA - LASITA","og_description":"Lasita dokument\u0101cija \u2013 apskatiet katalogus, produktu lapas, sertifik\u0101tus, apkopes un uzst\u0101d\u012b\u0161anas instrukcijas, k\u0101 ar\u012b kvalit\u0101tes dokumentus par koka un koka-alum\u012bnija logiem.","og_url":"https:\/\/www.lasita.ee\/lv\/dokumentacija\/","og_site_name":"LASITA","article_modified_time":"2025-12-18T07:21:48+00:00","twitter_card":"summary_large_image","twitter_misc":{"Est. reading time":"9 minutes"},"schema":{"@context":"https:\/\/schema.org","@graph":[{"@type":"WebPage","@id":"https:\/\/www.lasita.ee\/lv\/dokumentacija\/","url":"https:\/\/www.lasita.ee\/lv\/dokumentacija\/","name":"DOKUMENT\u0100CIJA - LASITA","isPartOf":{"@id":"https:\/\/www.lasita.ee\/lv\/#website"},"datePublished":"2024-01-30T11:53:02+00:00","dateModified":"2025-12-18T07:21:48+00:00","description":"Lasita dokument\u0101cija \u2013 apskatiet katalogus, produktu lapas, sertifik\u0101tus, apkopes un uzst\u0101d\u012b\u0161anas instrukcijas, k\u0101 ar\u012b kvalit\u0101tes dokumentus par koka un koka-alum\u012bnija logiem.","breadcrumb":{"@id":"https:\/\/www.lasita.ee\/lv\/dokumentacija\/#breadcrumb"},"inLanguage":"lv-LV","potentialAction":[{"@type":"ReadAction","target":["https:\/\/www.lasita.ee\/lv\/dokumentacija\/"]}]},{"@type":"BreadcrumbList","@id":"https:\/\/www.lasita.ee\/lv\/dokumentacija\/#breadcrumb","itemListElement":[{"@type":"ListItem","position":1,"name":"Home","item":"https:\/\/www.lasita.ee\/lv\/"},{"@type":"ListItem","position":2,"name":"DOKUMENT\u0100CIJA"}]},{"@type":"WebSite","@id":"https:\/\/www.lasita.ee\/lv\/#website","url":"https:\/\/www.lasita.ee\/lv\/","name":"LASITA","description":"PERFECTING VIEWS","potentialAction":[{"@type":"SearchAction","target":{"@type":"EntryPoint","urlTemplate":"https:\/\/www.lasita.ee\/lv\/?s={search_term_string}"},"query-input":{"@type":"PropertyValueSpecification","valueRequired":true,"valueName":"search_term_string"}}],"inLanguage":"lv-LV"}]}},"_links":{"self":[{"href":"https:\/\/www.lasita.ee\/lv\/wp-json\/wp\/v2\/pages\/2484","targetHints":{"allow":["GET"]}}],"collection":[{"href":"https:\/\/www.lasita.ee\/lv\/wp-json\/wp\/v2\/pages"}],"about":[{"href":"https:\/\/www.lasita.ee\/lv\/wp-json\/wp\/v2\/types\/page"}],"author":[{"embeddable":true,"href":"https:\/\/www.lasita.ee\/lv\/wp-json\/wp\/v2\/users\/3"}],"replies":[{"embeddable":true,"href":"https:\/\/www.lasita.ee\/lv\/wp-json\/wp\/v2\/comments?post=2484"}],"version-history":[{"count":5,"href":"https:\/\/www.lasita.ee\/lv\/wp-json\/wp\/v2\/pages\/2484\/revisions"}],"predecessor-version":[{"id":3967,"href":"https:\/\/www.lasita.ee\/lv\/wp-json\/wp\/v2\/pages\/2484\/revisions\/3967"}],"wp:attachment":[{"href":"https:\/\/www.lasita.ee\/lv\/wp-json\/wp\/v2\/media?parent=2484"}],"curies":[{"name":"wp","href":"https:\/\/api.w.org\/{rel}","templated":true}]}}