{"id":2566,"date":"2024-01-31T11:59:14","date_gmt":"2024-01-31T11:59:14","guid":{"rendered":"https:\/\/www.lasita.ee\/?page_id=2566"},"modified":"2025-12-18T08:54:21","modified_gmt":"2025-12-18T08:54:21","slug":"aluminijs","status":"publish","type":"page","link":"https:\/\/www.lasita.ee\/lv\/aluminijs\/","title":{"rendered":"ALUM\u012aNIJS"},"content":{"rendered":"<p><div class=\"fusion-fullwidth fullwidth-box fusion-builder-row-1 fusion-flex-container has-pattern-background has-mask-background fusion-parallax-none nonhundred-percent-fullwidth non-hundred-percent-height-scrolling\" style=\"--awb-border-radius-top-left:0px;--awb-border-radius-top-right:0px;--awb-border-radius-bottom-right:0px;--awb-border-radius-bottom-left:0px;--awb-background-image:url(&quot;https:\/\/www.lasita.ee\/wp-content\/uploads\/2024\/01\/integra.jpg&quot;);--awb-background-size:cover;\" ><div class=\"fusion-builder-row fusion-row fusion-flex-align-items-flex-start\" style=\"max-width:1248px;margin-left: calc(-4% \/ 2 );margin-right: calc(-4% \/ 2 );\"><div class=\"fusion-layout-column fusion_builder_column fusion-builder-column-0 fusion_builder_column_1_3 1_3 fusion-flex-column\" style=\"--awb-bg-size:cover;--awb-width-large:33.333333333333%;--awb-margin-top-large:0px;--awb-spacing-right-large:5.76%;--awb-margin-bottom-large:20px;--awb-spacing-left-large:5.76%;--awb-width-medium:33.333333333333%;--awb-order-medium:0;--awb-spacing-right-medium:5.76%;--awb-spacing-left-medium:5.76%;--awb-width-small:100%;--awb-order-small:0;--awb-spacing-right-small:1.92%;--awb-spacing-left-small:1.92%;\"><div class=\"fusion-column-wrapper fusion-column-has-shadow fusion-flex-justify-content-flex-start fusion-content-layout-column\"><\/div><\/div><div class=\"fusion-layout-column fusion_builder_column fusion-builder-column-1 fusion_builder_column_2_3 2_3 fusion-flex-column\" style=\"--awb-padding-top:150px;--awb-padding-bottom:40px;--awb-bg-size:cover;--awb-width-large:66.666666666667%;--awb-margin-top-large:0px;--awb-spacing-right-large:2.88%;--awb-margin-bottom-large:20px;--awb-spacing-left-large:2.88%;--awb-width-medium:66.666666666667%;--awb-order-medium:0;--awb-spacing-right-medium:2.88%;--awb-spacing-left-medium:2.88%;--awb-width-small:100%;--awb-order-small:0;--awb-spacing-right-small:1.92%;--awb-spacing-left-small:1.92%;\"><div class=\"fusion-column-wrapper fusion-column-has-shadow fusion-flex-justify-content-flex-start fusion-content-layout-column\"><div class=\"fusion-text fusion-text-1 fusion-text-no-margin\" style=\"--awb-letter-spacing:4.5px;--awb-margin-bottom:0px;--awb-text-font-family:&quot;Fira Sans&quot;;--awb-text-font-style:normal;--awb-text-font-weight:400;\"><p style=\"text-align: right;\"><span style=\"color: #ffffff;\">LASITA<\/span><\/p>\n<\/div><div class=\"fusion-title title fusion-title-1 fusion-sep-none fusion-title-text fusion-title-size-one\" style=\"--awb-text-color:#ffffff;\"><h1 class=\"title-heading-left fusion-responsive-typography-calculated\" style=\"margin:0;--fontSize:45;line-height:1.1;\"><p style=\"text-align: right;\">ALUM\u012aNIJS<\/p><\/h1><\/div><div class=\"fusion-text fusion-text-2\" style=\"--awb-font-size:16px;--awb-line-height:1.2;--awb-text-font-family:&quot;Roboto Condensed&quot;;--awb-text-font-style:normal;--awb-text-font-weight:300;\"><p style=\"text-align: right;\"><span style=\"color: #ffffff;\">Alum\u012bnijs \u2013 iztur\u012bgs un bezapkopes \u0101r\u0113jais p\u0101rkl\u0101jums koka-alum\u012bnija logiem un durv\u012bm, nodro\u0161inot aizsardz\u012bbu, m\u016bsdien\u012bgu dizainu un pla\u0161u kr\u0101su izv\u0113li. <\/span><\/p>\n<\/div><\/div><\/div><\/div><\/div><div class=\"fusion-fullwidth fullwidth-box fusion-builder-row-2 fusion-flex-container has-pattern-background has-mask-background nonhundred-percent-fullwidth non-hundred-percent-height-scrolling fusion-sticky-container\" style=\"--awb-border-radius-top-left:0px;--awb-border-radius-top-right:0px;--awb-border-radius-bottom-right:0px;--awb-border-radius-bottom-left:0px;--awb-padding-bottom:0px;--awb-background-color:var(--awb-color1);\" data-transition-offset=\"0\" data-scroll-offset=\"0\" data-sticky-small-visibility=\"1\" data-sticky-medium-visibility=\"1\" data-sticky-large-visibility=\"1\" ><div class=\"fusion-builder-row fusion-row fusion-flex-align-items-flex-start\" style=\"max-width:1248px;margin-left: calc(-4% \/ 2 );margin-right: calc(-4% \/ 2 );\"><div class=\"fusion-layout-column fusion_builder_column fusion-builder-column-2 fusion_builder_column_1_1 1_1 fusion-flex-column\" style=\"--awb-bg-size:cover;--awb-width-large:100%;--awb-margin-top-large:0px;--awb-spacing-right-large:1.92%;--awb-margin-bottom-large:0px;--awb-spacing-left-large:1.92%;--awb-width-medium:100%;--awb-order-medium:0;--awb-spacing-right-medium:1.92%;--awb-spacing-left-medium:1.92%;--awb-width-small:100%;--awb-order-small:0;--awb-spacing-right-small:1.92%;--awb-spacing-left-small:1.92%;\"><div class=\"fusion-column-wrapper fusion-column-has-shadow fusion-flex-justify-content-flex-start fusion-content-layout-column\"><nav class=\"awb-menu awb-menu_row awb-menu_em-hover mobile-mode-collapse-to-button awb-menu_icons-left awb-menu_dc-yes mobile-trigger-fullwidth-off awb-menu_mobile-toggle awb-menu_indent-left mobile-size-full-absolute loading mega-menu-loading awb-menu_desktop awb-menu_dropdown awb-menu_expand-right awb-menu_transition-fade\" style=\"--awb-line-height:1.2;--awb-justify-content:space-around;--awb-border-color:#000000;--awb-active-color:#999999;--awb-active-border-bottom:1px;--awb-active-border-color:#000000;--awb-main-justify-content:flex-start;--awb-mobile-justify:flex-start;--awb-mobile-caret-left:auto;--awb-mobile-caret-right:0;--awb-fusion-font-family-typography:&quot;Fira Sans&quot;;--awb-fusion-font-style-typography:normal;--awb-fusion-font-weight-typography:400;--awb-fusion-font-family-submenu-typography:inherit;--awb-fusion-font-style-submenu-typography:normal;--awb-fusion-font-weight-submenu-typography:400;--awb-fusion-font-family-mobile-typography:inherit;--awb-fusion-font-style-mobile-typography:normal;--awb-fusion-font-weight-mobile-typography:400;\" aria-label=\"Menu\" data-breakpoint=\"1024\" data-count=\"0\" data-transition-type=\"fade\" data-transition-time=\"300\"><button type=\"button\" class=\"awb-menu__m-toggle awb-menu__m-toggle_no-text\" aria-expanded=\"false\" aria-controls=\"menu-options\"><span class=\"awb-menu__m-toggle-inner\"><span class=\"collapsed-nav-text\"><span class=\"screen-reader-text\">Toggle Navigation<\/span><\/span><span class=\"awb-menu__m-collapse-icon awb-menu__m-collapse-icon_no-text\"><span class=\"awb-menu__m-collapse-icon-open awb-menu__m-collapse-icon-open_no-text fa-bars fas\"><\/span><span class=\"awb-menu__m-collapse-icon-close awb-menu__m-collapse-icon-close_no-text fa-times fas\"><\/span><\/span><\/span><\/button><ul id=\"menu-options-latvian\" class=\"fusion-menu awb-menu__main-ul awb-menu__main-ul_row\"><li  id=\"menu-item-2914\"  class=\"menu-item menu-item-type-post_type menu-item-object-page menu-item-2914 awb-menu__li awb-menu__main-li awb-menu__main-li_regular\"  data-item-id=\"2914\"><span class=\"awb-menu__main-background-default awb-menu__main-background-default_fade\"><\/span><span class=\"awb-menu__main-background-active awb-menu__main-background-active_fade\"><\/span><a  href=\"https:\/\/www.lasita.ee\/lv\/kokmaterials\/\" class=\"awb-menu__main-a awb-menu__main-a_regular\"><span class=\"menu-text\">KOKMATERI\u0100LS<\/span><\/a><\/li><li  id=\"menu-item-2915\"  class=\"menu-item menu-item-type-post_type menu-item-object-page menu-item-2915 awb-menu__li awb-menu__main-li awb-menu__main-li_regular\"  data-item-id=\"2915\"><span class=\"awb-menu__main-background-default awb-menu__main-background-default_fade\"><\/span><span class=\"awb-menu__main-background-active awb-menu__main-background-active_fade\"><\/span><a  href=\"https:\/\/www.lasita.ee\/lv\/aluminijs\/\" class=\"awb-menu__main-a awb-menu__main-a_regular\"><span class=\"menu-text\">ALUM\u012aNIJS<\/span><\/a><\/li><li  id=\"menu-item-2916\"  class=\"menu-item menu-item-type-post_type menu-item-object-page menu-item-2916 awb-menu__li awb-menu__main-li awb-menu__main-li_regular\"  data-item-id=\"2916\"><span class=\"awb-menu__main-background-default awb-menu__main-background-default_fade\"><\/span><span class=\"awb-menu__main-background-active awb-menu__main-background-active_fade\"><\/span><a  href=\"https:\/\/www.lasita.ee\/lv\/stiklojums\/\" class=\"awb-menu__main-a awb-menu__main-a_regular\"><span class=\"menu-text\">STIKLOJUMS<\/span><\/a><\/li><li  id=\"menu-item-2917\"  class=\"menu-item menu-item-type-post_type menu-item-object-page menu-item-2917 awb-menu__li awb-menu__main-li awb-menu__main-li_regular\"  data-item-id=\"2917\"><span class=\"awb-menu__main-background-default awb-menu__main-background-default_fade\"><\/span><span class=\"awb-menu__main-background-active awb-menu__main-background-active_fade\"><\/span><a  href=\"https:\/\/www.lasita.ee\/lv\/rokturi\/\" class=\"awb-menu__main-a awb-menu__main-a_regular\"><span class=\"menu-text\">ROKTURI<\/span><\/a><\/li><\/ul><\/nav><\/div><\/div><\/div><\/div>\n<div class=\"fusion-fullwidth fullwidth-box fusion-builder-row-3 fusion-flex-container has-pattern-background has-mask-background nonhundred-percent-fullwidth non-hundred-percent-height-scrolling\" style=\"--awb-border-radius-top-left:0px;--awb-border-radius-top-right:0px;--awb-border-radius-bottom-right:0px;--awb-border-radius-bottom-left:0px;--awb-margin-top:20px;\" ><div class=\"fusion-builder-row fusion-row fusion-flex-align-items-center\" style=\"max-width:1248px;margin-left: calc(-4% \/ 2 );margin-right: calc(-4% \/ 2 );\"><div class=\"fusion-layout-column fusion_builder_column fusion-builder-column-3 fusion_builder_column_1_2 1_2 fusion-flex-column\" style=\"--awb-padding-top:2%;--awb-padding-right:5%;--awb-padding-bottom:2%;--awb-padding-left:5%;--awb-bg-size:cover;--awb-border-color:#000000;--awb-border-left:1px;--awb-border-style:solid;--awb-width-large:50%;--awb-margin-top-large:0px;--awb-spacing-right-large:3.84%;--awb-margin-bottom-large:20px;--awb-spacing-left-large:3.84%;--awb-width-medium:50%;--awb-order-medium:0;--awb-spacing-right-medium:3.84%;--awb-spacing-left-medium:3.84%;--awb-width-small:100%;--awb-order-small:0;--awb-spacing-right-small:1.92%;--awb-spacing-left-small:1.92%;\"><div class=\"fusion-column-wrapper fusion-column-has-shadow fusion-flex-justify-content-flex-start fusion-content-layout-column\"><div class=\"fusion-title title fusion-title-2 fusion-sep-none fusion-title-text fusion-title-size-one\"><h1 class=\"title-heading-left fusion-responsive-typography-calculated\" style=\"margin:0;--fontSize:45;line-height:1.1;\"><p style=\"text-align: left;\">ALUM\u012aNIJS<\/p><\/h1><\/div><\/div><\/div><\/div><\/div><div class=\"fusion-fullwidth fullwidth-box fusion-builder-row-4 fusion-flex-container has-pattern-background has-mask-background nonhundred-percent-fullwidth non-hundred-percent-height-scrolling\" style=\"--awb-border-radius-top-left:0px;--awb-border-radius-top-right:0px;--awb-border-radius-bottom-right:0px;--awb-border-radius-bottom-left:0px;--awb-margin-top:20px;\" ><div class=\"fusion-builder-row fusion-row fusion-flex-align-items-center\" style=\"max-width:1248px;margin-left: calc(-4% \/ 2 );margin-right: calc(-4% \/ 2 );\"><div class=\"fusion-layout-column fusion_builder_column fusion-builder-column-4 fusion_builder_column_1_1 1_1 fusion-flex-column\" style=\"--awb-bg-size:cover;--awb-border-color:#000000;--awb-border-right:1px;--awb-border-style:solid;--awb-width-large:100%;--awb-margin-top-large:0px;--awb-spacing-right-large:1.92%;--awb-margin-bottom-large:20px;--awb-spacing-left-large:1.92%;--awb-width-medium:100%;--awb-order-medium:0;--awb-spacing-right-medium:1.92%;--awb-spacing-left-medium:1.92%;--awb-width-small:100%;--awb-order-small:0;--awb-spacing-right-small:1.92%;--awb-spacing-left-small:1.92%;\"><div class=\"fusion-column-wrapper fusion-column-has-shadow fusion-flex-justify-content-flex-start fusion-content-layout-column\"><div class=\"fusion-image-element \" style=\"--awb-caption-title-size:var(--h2_typography-font-size);--awb-caption-title-transform:var(--h2_typography-text-transform);--awb-caption-title-line-height:var(--h2_typography-line-height);--awb-caption-title-letter-spacing:var(--h2_typography-letter-spacing);\"><span class=\" fusion-imageframe imageframe-none imageframe-1 hover-type-none\"><img decoding=\"async\" width=\"2000\" height=\"790\" alt=\"ALUMINIUM colors\" src=\"https:\/\/www.lasita.ee\/wp-content\/uploads\/2024\/02\/aluminium-nimedega.jpg\" class=\"img-responsive wp-image-2569\" srcset=\"https:\/\/www.lasita.ee\/wp-content\/uploads\/2024\/02\/aluminium-nimedega-200x79.jpg 200w, https:\/\/www.lasita.ee\/wp-content\/uploads\/2024\/02\/aluminium-nimedega-400x158.jpg 400w, https:\/\/www.lasita.ee\/wp-content\/uploads\/2024\/02\/aluminium-nimedega-600x237.jpg 600w, https:\/\/www.lasita.ee\/wp-content\/uploads\/2024\/02\/aluminium-nimedega-800x316.jpg 800w, https:\/\/www.lasita.ee\/wp-content\/uploads\/2024\/02\/aluminium-nimedega-1200x474.jpg 1200w, https:\/\/www.lasita.ee\/wp-content\/uploads\/2024\/02\/aluminium-nimedega.jpg 2000w\" sizes=\"(max-width: 640px) 100vw, 1200px\" \/><\/span><\/div><\/div><\/div><\/div><\/div><div class=\"fusion-fullwidth fullwidth-box fusion-builder-row-5 fusion-flex-container has-pattern-background has-mask-background nonhundred-percent-fullwidth non-hundred-percent-height-scrolling\" style=\"--awb-border-radius-top-left:0px;--awb-border-radius-top-right:0px;--awb-border-radius-bottom-right:0px;--awb-border-radius-bottom-left:0px;--awb-margin-top:20px;\" ><div class=\"fusion-builder-row fusion-row fusion-flex-align-items-center\" style=\"max-width:1248px;margin-left: calc(-4% \/ 2 );margin-right: calc(-4% \/ 2 );\"><div class=\"fusion-layout-column fusion_builder_column fusion-builder-column-5 fusion_builder_column_3_4 3_4 fusion-flex-column\" style=\"--awb-padding-top:2%;--awb-padding-right:5%;--awb-padding-bottom:2%;--awb-padding-left:5%;--awb-bg-size:cover;--awb-border-color:#000000;--awb-border-right:1px;--awb-border-style:solid;--awb-width-large:75%;--awb-margin-top-large:0px;--awb-spacing-right-large:2.56%;--awb-margin-bottom-large:20px;--awb-spacing-left-large:2.56%;--awb-width-medium:75%;--awb-order-medium:0;--awb-spacing-right-medium:2.56%;--awb-spacing-left-medium:2.56%;--awb-width-small:100%;--awb-order-small:0;--awb-spacing-right-small:1.92%;--awb-spacing-left-small:1.92%;\"><div class=\"fusion-column-wrapper fusion-column-has-shadow fusion-flex-justify-content-flex-start fusion-content-layout-column\"><div class=\"fusion-text fusion-text-3\"><p style=\"text-align: right;\">Alum\u012bnija profili, kas no \u0101rpuses p\u0101rkl\u0101j koka logus, ir svar\u012bgi to daudzu priek\u0161roc\u012bbu d\u0113\u013c.<\/p>\n<p style=\"text-align: right;\">Viena no galvenaj\u0101m priek\u0161roc\u012bb\u0101m ir papildu aizsardz\u012bba. Alum\u012bnijs ir \u013coti iztur\u012bgs un ilgm\u016b\u017e\u012bgs materi\u0101ls, kas sp\u0113j iztur\u0113t skarbus laikapst\u0101k\u013cus, ekstr\u0113mas temperat\u016bras un citus vides faktorus. Tas ir ide\u0101li piem\u0113rots vis\u0101m &#8220;Lasita&#8221; logu sist\u0113m\u0101m, jo gadu desmitiem saglab\u0101 gan loga konstrukcijas notur\u012bbu, gan est\u0113tisko izskatu.<\/p>\n<p style=\"text-align: right;\">Alum\u012bnija profili prasa \u013coti nelielu apkopi. To uztur\u0113\u0161anai nav nepiecie\u0161ama regul\u0101ra kr\u0101so\u0161ana vai beic\u0113\u0161ana. Lai ilgsto\u0161i saglab\u0101tu v\u0113lamo kvalit\u0101ti, pietiek ar vienk\u0101r\u0161u dr\u0101nu, kas samitrin\u0101ta ziepj\u016bden\u012b. Tas \u013cauj m\u0101ju \u012bpa\u0161niekiem ietaup\u012bt laiku un l\u012bdzek\u013cus logu sist\u0113mu uztur\u0113\u0161an\u0101 to kalpo\u0161anas laik\u0101.<\/p>\n<p style=\"text-align: right;\">Energoefektivit\u0101te ir v\u0113l viena b\u016btiska &#8220;Lasita&#8221; logu sist\u0113mu priek\u0161roc\u012bba, izmantojot alum\u012bnija profilus.<\/p>\n<p style=\"text-align: right;\">Alum\u012bnija profilos izmantot\u0101 tehnolo\u0123ija nodro\u0161ina augst\u0101ku energoefektivit\u0101ti sal\u012bdzin\u0101jum\u0101 ar piln\u012bb\u0101 koka logiem, kam nav \u0101r\u0113j\u0101 alum\u012bnija p\u0101rkl\u0101juma. Koka un alum\u012bnija kombin\u0101cija iev\u0113rojami uzlabo loga U-v\u0113rt\u012bbu un t\u0101 kop\u0113jo energoefektivit\u0101ti.<\/p>\n<p style=\"text-align: right;\">Alum\u012bnija profili ir viegli piel\u0101gojami \u0113kas stilam un est\u0113tikai, radot gludu un modernu izskatu, kas uzlabo \u012bpa\u0161uma kop\u0113jo vizu\u0101lo t\u0113lu. &#8220;Lasita&#8221; \u012bpa\u0161i izce\u013c \u0161o est\u0113tisko aspektu, pied\u0101v\u0101jot pla\u0161u augst\u0101k\u0101s kvalit\u0101tes kr\u0101su un fakt\u016bru kl\u0101stu. Izmantot\u0101s alum\u012bnija sist\u0113mas ir pieg\u0101d\u0101tas ar GS Premium virsmu, kas izce\u013cas ar augstu iztur\u012bbu pret laikapst\u0101k\u013ciem un nodro\u0161ina ilgsto\u0161u eleganci<\/p>\n<\/div><\/div><\/div><\/div><\/div><div class=\"fusion-fullwidth fullwidth-box fusion-builder-row-6 fusion-flex-container has-pattern-background has-mask-background nonhundred-percent-fullwidth non-hundred-percent-height-scrolling\" style=\"--awb-border-radius-top-left:0px;--awb-border-radius-top-right:0px;--awb-border-radius-bottom-right:0px;--awb-border-radius-bottom-left:0px;--awb-padding-top:60px;--awb-padding-bottom:60px;--awb-margin-bottom:0px;--awb-background-color:#ededed;\" ><div class=\"fusion-builder-row fusion-row fusion-flex-align-items-flex-start\" style=\"max-width:1248px;margin-left: calc(-4% \/ 2 );margin-right: calc(-4% \/ 2 );\"><div class=\"fusion-layout-column fusion_builder_column fusion-builder-column-6 fusion_builder_column_4_5 4_5 fusion-flex-column\" style=\"--awb-padding-top:1%;--awb-padding-right:5%;--awb-padding-bottom:1%;--awb-padding-left:5%;--awb-bg-size:cover;--awb-border-color:#000000;--awb-border-right:1px;--awb-border-style:solid;--awb-width-large:80%;--awb-margin-top-large:0px;--awb-spacing-right-large:2.4%;--awb-margin-bottom-large:0px;--awb-spacing-left-large:2.4%;--awb-width-medium:80%;--awb-order-medium:0;--awb-spacing-right-medium:2.4%;--awb-spacing-left-medium:2.4%;--awb-width-small:100%;--awb-order-small:0;--awb-spacing-right-small:1.92%;--awb-spacing-left-small:1.92%;\"><div class=\"fusion-column-wrapper fusion-column-has-shadow fusion-flex-justify-content-flex-start fusion-content-layout-column\"><div class=\"fusion-title title fusion-title-3 fusion-sep-none fusion-title-text fusion-title-size-two\"><h2 class=\"title-heading-left fusion-responsive-typography-calculated\" style=\"margin:0;--fontSize:28;line-height:1.1;\"><p style=\"text-align: right;\">CONTACT US<\/p><\/h2><\/div><div class=\"fusion-text fusion-text-4\" style=\"--awb-font-size:16px;--awb-line-height:1.2;--awb-text-font-family:&quot;Roboto Condensed&quot;;--awb-text-font-style:normal;--awb-text-font-weight:300;\"><p style=\"text-align: right;\">Have questions or need assistance? Feel free to reach out through our contact form. We\u2019re dedicated to providing the support you need. Your inquiries matter to us, and we\u2019re here to ensure your experience is seamless. Looking forward to hearing from you!<\/p>\n<\/div><div style=\"text-align:right;\"><a class=\"fusion-button button-flat button-medium button-custom fusion-button-default button-1 fusion-button-default-span fusion-button-default-type\" style=\"--button_accent_color:var(--awb-color1);--button_accent_hover_color:#ffffff;--button_border_hover_color:#ffffff;--button_gradient_top_color:#000000;--button_gradient_bottom_color:#000000;--button_gradient_top_color_hover:#000000;--button_gradient_bottom_color_hover:#000000;--button_typography-font-family:&quot;Roboto Condensed&quot;;--button_typography-font-style:normal;--button_typography-font-weight:700;\" target=\"_self\" href=\"https:\/\/www.lasita.ee\/lv\/kontakti\/\"><span class=\"fusion-button-text\">SAZINIETIES VAI NOS\u016aTIET VAIC\u0100JUMU<\/span><\/a><\/div><\/div><\/div><\/div><\/div>\n<\/p>\n","protected":false},"excerpt":{"rendered":"","protected":false},"author":2,"featured_media":0,"parent":0,"menu_order":0,"comment_status":"closed","ping_status":"closed","template":"100-width.php","meta":{"inline_featured_image":false,"footnotes":""},"class_list":["post-2566","page","type-page","status-publish","hentry"],"yoast_head":"<!-- This site is optimized with the Yoast SEO plugin v25.2 - https:\/\/yoast.com\/wordpress\/plugins\/seo\/ -->\n<title>ALUM\u012aNIJS - LASITA<\/title>\n<meta name=\"description\" content=\"Alum\u012bnijs \u2013 iztur\u012bgs un bezapkopes \u0101r\u0113jais p\u0101rkl\u0101jums koka-alum\u012bnija logiem un durv\u012bm, nodro\u0161inot aizsardz\u012bbu, m\u016bsdien\u012bgu dizainu un pla\u0161u kr\u0101su izv\u0113li.\" \/>\n<meta name=\"robots\" content=\"index, follow, max-snippet:-1, max-image-preview:large, max-video-preview:-1\" \/>\n<link rel=\"canonical\" href=\"https:\/\/www.lasita.ee\/lv\/aluminijs\/\" \/>\n<meta property=\"og:locale\" content=\"lv_LV\" \/>\n<meta property=\"og:type\" content=\"article\" \/>\n<meta property=\"og:title\" content=\"ALUM\u012aNIJS - LASITA\" \/>\n<meta property=\"og:description\" content=\"Alum\u012bnijs \u2013 iztur\u012bgs un bezapkopes \u0101r\u0113jais p\u0101rkl\u0101jums koka-alum\u012bnija logiem un durv\u012bm, nodro\u0161inot aizsardz\u012bbu, m\u016bsdien\u012bgu dizainu un pla\u0161u kr\u0101su izv\u0113li.\" \/>\n<meta property=\"og:url\" content=\"https:\/\/www.lasita.ee\/lv\/aluminijs\/\" \/>\n<meta property=\"og:site_name\" content=\"LASITA\" \/>\n<meta property=\"article:modified_time\" content=\"2025-12-18T08:54:21+00:00\" \/>\n<meta name=\"twitter:card\" content=\"summary_large_image\" \/>\n<meta name=\"twitter:label1\" content=\"Est. reading time\" \/>\n\t<meta name=\"twitter:data1\" content=\"11 minutes\" \/>\n<script type=\"application\/ld+json\" class=\"yoast-schema-graph\">{\"@context\":\"https:\/\/schema.org\",\"@graph\":[{\"@type\":\"WebPage\",\"@id\":\"https:\/\/www.lasita.ee\/lv\/aluminijs\/\",\"url\":\"https:\/\/www.lasita.ee\/lv\/aluminijs\/\",\"name\":\"ALUM\u012aNIJS - LASITA\",\"isPartOf\":{\"@id\":\"https:\/\/www.lasita.ee\/lv\/#website\"},\"datePublished\":\"2024-01-31T11:59:14+00:00\",\"dateModified\":\"2025-12-18T08:54:21+00:00\",\"description\":\"Alum\u012bnijs \u2013 iztur\u012bgs un bezapkopes \u0101r\u0113jais p\u0101rkl\u0101jums koka-alum\u012bnija logiem un durv\u012bm, nodro\u0161inot aizsardz\u012bbu, m\u016bsdien\u012bgu dizainu un pla\u0161u kr\u0101su izv\u0113li.\",\"breadcrumb\":{\"@id\":\"https:\/\/www.lasita.ee\/lv\/aluminijs\/#breadcrumb\"},\"inLanguage\":\"lv-LV\",\"potentialAction\":[{\"@type\":\"ReadAction\",\"target\":[\"https:\/\/www.lasita.ee\/lv\/aluminijs\/\"]}]},{\"@type\":\"BreadcrumbList\",\"@id\":\"https:\/\/www.lasita.ee\/lv\/aluminijs\/#breadcrumb\",\"itemListElement\":[{\"@type\":\"ListItem\",\"position\":1,\"name\":\"Home\",\"item\":\"https:\/\/www.lasita.ee\/lv\/\"},{\"@type\":\"ListItem\",\"position\":2,\"name\":\"ALUM\u012aNIJS\"}]},{\"@type\":\"WebSite\",\"@id\":\"https:\/\/www.lasita.ee\/lv\/#website\",\"url\":\"https:\/\/www.lasita.ee\/lv\/\",\"name\":\"LASITA\",\"description\":\"PERFECTING VIEWS\",\"potentialAction\":[{\"@type\":\"SearchAction\",\"target\":{\"@type\":\"EntryPoint\",\"urlTemplate\":\"https:\/\/www.lasita.ee\/lv\/?s={search_term_string}\"},\"query-input\":{\"@type\":\"PropertyValueSpecification\",\"valueRequired\":true,\"valueName\":\"search_term_string\"}}],\"inLanguage\":\"lv-LV\"}]}<\/script>\n<!-- \/ Yoast SEO plugin. -->","yoast_head_json":{"title":"ALUM\u012aNIJS - LASITA","description":"Alum\u012bnijs \u2013 iztur\u012bgs un bezapkopes \u0101r\u0113jais p\u0101rkl\u0101jums koka-alum\u012bnija logiem un durv\u012bm, nodro\u0161inot aizsardz\u012bbu, m\u016bsdien\u012bgu dizainu un pla\u0161u kr\u0101su izv\u0113li.","robots":{"index":"index","follow":"follow","max-snippet":"max-snippet:-1","max-image-preview":"max-image-preview:large","max-video-preview":"max-video-preview:-1"},"canonical":"https:\/\/www.lasita.ee\/lv\/aluminijs\/","og_locale":"lv_LV","og_type":"article","og_title":"ALUM\u012aNIJS - LASITA","og_description":"Alum\u012bnijs \u2013 iztur\u012bgs un bezapkopes \u0101r\u0113jais p\u0101rkl\u0101jums koka-alum\u012bnija logiem un durv\u012bm, nodro\u0161inot aizsardz\u012bbu, m\u016bsdien\u012bgu dizainu un pla\u0161u kr\u0101su izv\u0113li.","og_url":"https:\/\/www.lasita.ee\/lv\/aluminijs\/","og_site_name":"LASITA","article_modified_time":"2025-12-18T08:54:21+00:00","twitter_card":"summary_large_image","twitter_misc":{"Est. reading time":"11 minutes"},"schema":{"@context":"https:\/\/schema.org","@graph":[{"@type":"WebPage","@id":"https:\/\/www.lasita.ee\/lv\/aluminijs\/","url":"https:\/\/www.lasita.ee\/lv\/aluminijs\/","name":"ALUM\u012aNIJS - LASITA","isPartOf":{"@id":"https:\/\/www.lasita.ee\/lv\/#website"},"datePublished":"2024-01-31T11:59:14+00:00","dateModified":"2025-12-18T08:54:21+00:00","description":"Alum\u012bnijs \u2013 iztur\u012bgs un bezapkopes \u0101r\u0113jais p\u0101rkl\u0101jums koka-alum\u012bnija logiem un durv\u012bm, nodro\u0161inot aizsardz\u012bbu, m\u016bsdien\u012bgu dizainu un pla\u0161u kr\u0101su izv\u0113li.","breadcrumb":{"@id":"https:\/\/www.lasita.ee\/lv\/aluminijs\/#breadcrumb"},"inLanguage":"lv-LV","potentialAction":[{"@type":"ReadAction","target":["https:\/\/www.lasita.ee\/lv\/aluminijs\/"]}]},{"@type":"BreadcrumbList","@id":"https:\/\/www.lasita.ee\/lv\/aluminijs\/#breadcrumb","itemListElement":[{"@type":"ListItem","position":1,"name":"Home","item":"https:\/\/www.lasita.ee\/lv\/"},{"@type":"ListItem","position":2,"name":"ALUM\u012aNIJS"}]},{"@type":"WebSite","@id":"https:\/\/www.lasita.ee\/lv\/#website","url":"https:\/\/www.lasita.ee\/lv\/","name":"LASITA","description":"PERFECTING VIEWS","potentialAction":[{"@type":"SearchAction","target":{"@type":"EntryPoint","urlTemplate":"https:\/\/www.lasita.ee\/lv\/?s={search_term_string}"},"query-input":{"@type":"PropertyValueSpecification","valueRequired":true,"valueName":"search_term_string"}}],"inLanguage":"lv-LV"}]}},"_links":{"self":[{"href":"https:\/\/www.lasita.ee\/lv\/wp-json\/wp\/v2\/pages\/2566","targetHints":{"allow":["GET"]}}],"collection":[{"href":"https:\/\/www.lasita.ee\/lv\/wp-json\/wp\/v2\/pages"}],"about":[{"href":"https:\/\/www.lasita.ee\/lv\/wp-json\/wp\/v2\/types\/page"}],"author":[{"embeddable":true,"href":"https:\/\/www.lasita.ee\/lv\/wp-json\/wp\/v2\/users\/2"}],"replies":[{"embeddable":true,"href":"https:\/\/www.lasita.ee\/lv\/wp-json\/wp\/v2\/comments?post=2566"}],"version-history":[{"count":4,"href":"https:\/\/www.lasita.ee\/lv\/wp-json\/wp\/v2\/pages\/2566\/revisions"}],"predecessor-version":[{"id":4106,"href":"https:\/\/www.lasita.ee\/lv\/wp-json\/wp\/v2\/pages\/2566\/revisions\/4106"}],"wp:attachment":[{"href":"https:\/\/www.lasita.ee\/lv\/wp-json\/wp\/v2\/media?parent=2566"}],"curies":[{"name":"wp","href":"https:\/\/api.w.org\/{rel}","templated":true}]}}